{"id":185,"date":"2023-06-26T15:22:04","date_gmt":"2023-06-26T15:22:04","guid":{"rendered":"https:\/\/makroscopio.com\/?page_id=185"},"modified":"2023-06-27T21:29:03","modified_gmt":"2023-06-27T21:29:03","slug":"lineas-de-negocio","status":"publish","type":"page","link":"https:\/\/makroscopio.com\/?page_id=185","title":{"rendered":"L\u00edneas de Negocio"},"content":{"rendered":"\t\t<div data-elementor-type=\"wp-page\" data-elementor-id=\"185\" class=\"elementor elementor-185\">\n\t\t\t\t\t\t<section class=\"elementor-section elementor-top-section elementor-element elementor-element-9fe3c0d elementor-section-boxed elementor-section-height-default elementor-section-height-default\" data-id=\"9fe3c0d\" data-element_type=\"section\">\n\t\t\t\t\t\t<div class=\"elementor-container elementor-column-gap-default\">\n\t\t\t\t\t<div class=\"aux-parallax-section elementor-column elementor-col-100 elementor-top-column elementor-element elementor-element-85785b0\" data-id=\"85785b0\" data-element_type=\"column\">\n\t\t\t<div class=\"elementor-widget-wrap elementor-element-populated\">\n\t\t\t\t\t\t<div class=\"elementor-element elementor-element-20d2189 elementor-widget elementor-widget-aux_modern_heading\" data-id=\"20d2189\" data-element_type=\"widget\" data-widget_type=\"aux_modern_heading.default\">\n\t\t\t\t<div class=\"elementor-widget-container\">\n\t\t\t\t\t<section class=\"aux-widget-modern-heading\">\n            <div class=\"aux-widget-inner\"><h1 class=\"aux-modern-heading-primary\">Nuestras<\/h1><h3 class=\"aux-modern-heading-secondary\"><span class=\"aux-head-before\">l\u00edneas de negocio<\/span><\/h3><div class=\"aux-modern-heading-divider\"><\/div><\/div>\n        <\/section>\t\t\t\t<\/div>\n\t\t\t\t<\/div>\n\t\t\t\t\t<\/div>\n\t\t<\/div>\n\t\t\t\t\t<\/div>\n\t\t<\/section>\n\t\t\t\t<section class=\"elementor-section elementor-top-section elementor-element elementor-element-5683dc7 elementor-section-boxed elementor-section-height-default elementor-section-height-default\" data-id=\"5683dc7\" data-element_type=\"section\">\n\t\t\t\t\t\t<div class=\"elementor-container elementor-column-gap-default\">\n\t\t\t\t\t<div class=\"aux-parallax-section elementor-column elementor-col-25 elementor-top-column elementor-element elementor-element-805efee\" data-id=\"805efee\" data-element_type=\"column\">\n\t\t\t<div class=\"elementor-widget-wrap elementor-element-populated\">\n\t\t\t\t\t\t<div class=\"elementor-element elementor-element-1dbee0d elementor-widget elementor-widget-aux_image\" data-id=\"1dbee0d\" data-element_type=\"widget\" data-widget_type=\"aux_image.default\">\n\t\t\t\t<div class=\"elementor-widget-container\">\n\t\t\t\t\t<section class=\"widget-container aux-widget-image aux-alignnone aux-parent-auf99b71cd\">\n    <div class=\"aux-media-hint-frame \">\n        <div class=\"aux-media-image \" >\n        \n            \n\n            \n                            <div class=\"aux-image-holder aux-image-has-secondary\">\n                    <img fetchpriority=\"high\" decoding=\"async\" width=\"512\" height=\"512\" src=\"https:\/\/makroscopio.com\/wp-content\/uploads\/2023\/06\/makrose.png\" class=\"aux-attachment aux-featured-image aux-attachment-id-99\" alt=\"makrose\" srcset=\"https:\/\/makroscopio.com\/wp-content\/uploads\/2023\/06\/makrose-150x150.png 150w,https:\/\/makroscopio.com\/wp-content\/uploads\/2023\/06\/makrose-300x300.png 300w,https:\/\/makroscopio.com\/wp-content\/uploads\/2023\/06\/makrose.png 512w\" data-ratio=\"1\" data-original-w=\"512\" sizes=\"(max-width:479px) 480px,(max-width:767px) 768px,(max-width:1023px) 1024px,512px\" \/>                    <img decoding=\"async\" width=\"512\" height=\"512\" src=\"https:\/\/makroscopio.com\/wp-content\/uploads\/2023\/06\/makrose-imagen.png\" class=\"aux-attachment aux-featured-image attachment-512x512 aux-attachment-id-194 \" alt=\"makrose-imagen\" srcset=\"https:\/\/makroscopio.com\/wp-content\/uploads\/2023\/06\/makrose-imagen-150x150.png 150w,https:\/\/makroscopio.com\/wp-content\/uploads\/2023\/06\/makrose-imagen-300x300.png 300w,https:\/\/makroscopio.com\/wp-content\/uploads\/2023\/06\/makrose-imagen.png 512w,https:\/\/makroscopio.com\/wp-content\/uploads\/2023\/06\/makrose-imagen-502x502.png 502w\" data-ratio=\"1\" data-original-w=\"512\" sizes=\"(max-width:479px) 480px,(max-width:767px) 768px,(max-width:1023px) 1024px,512px\" \/>                <\/div>\n            \n                <\/div>\n    <\/div>\n\n<\/section><!-- widget-container -->\t\t\t\t<\/div>\n\t\t\t\t<\/div>\n\t\t\t\t<div class=\"elementor-element elementor-element-95db299 elementor-widget elementor-widget-aux_modern_heading\" data-id=\"95db299\" data-element_type=\"widget\" data-widget_type=\"aux_modern_heading.default\">\n\t\t\t\t<div class=\"elementor-widget-container\">\n\t\t\t\t\t<section class=\"aux-widget-modern-heading\">\n            <div class=\"aux-widget-inner\"><div class=\"aux-modern-heading-divider\"><\/div><h1 class=\"aux-modern-heading-primary\">Formaci\u00f3n<\/h1><h3 class=\"aux-modern-heading-secondary\"><span class=\"aux-head-before\">y capacitaci\u00f3n<\/span><\/h3><\/div>\n        <\/section>\t\t\t\t<\/div>\n\t\t\t\t<\/div>\n\t\t\t\t<div class=\"elementor-element elementor-element-f6991b7 elementor-widget elementor-widget-aux_modern_button\" data-id=\"f6991b7\" data-element_type=\"widget\" data-widget_type=\"aux_modern_button.default\">\n\t\t\t\t<div class=\"elementor-widget-container\">\n\t\t\t\t\t    <div class=\"aux-modern-button-wrapper aux-modern-button-align-center\" >\n                    <a class=\"aux-modern-button aux-black aux-modern-button-md aux-modern-button-normal aux-modern-button-default aux-icon-\" href=\"https:\/\/makroscopio.com\/?page_id=258\" target=\"_blank\">\n                <div class=\"aux-overlay\"><\/div>\n                                    <div class=\"aux-icon \">\n                                            <\/div>\n                                <div class=\"aux-text\">\n<span class=\"aux-text-before\">Conoce m\u00e1s<\/span>                <\/div>\n            <\/a>\n            \n    <\/div>\n\n    \t\t\t\t<\/div>\n\t\t\t\t<\/div>\n\t\t\t\t\t<\/div>\n\t\t<\/div>\n\t\t\t\t<div class=\"aux-parallax-section elementor-column elementor-col-25 elementor-top-column elementor-element elementor-element-73dd752\" data-id=\"73dd752\" data-element_type=\"column\">\n\t\t\t<div class=\"elementor-widget-wrap elementor-element-populated\">\n\t\t\t\t\t\t<div class=\"elementor-element elementor-element-93ddfeb elementor-widget elementor-widget-aux_image\" data-id=\"93ddfeb\" data-element_type=\"widget\" data-widget_type=\"aux_image.default\">\n\t\t\t\t<div class=\"elementor-widget-container\">\n\t\t\t\t\t<section class=\"widget-container aux-widget-image aux-alignnone aux-parent-aub73e586e\">\n    <div class=\"aux-media-hint-frame \">\n        <div class=\"aux-media-image \" >\n        \n            \n\n            \n                            <div class=\"aux-image-holder aux-image-has-secondary\">\n                    <img decoding=\"async\" width=\"512\" height=\"512\" src=\"https:\/\/makroscopio.com\/wp-content\/uploads\/2023\/06\/suportamed.png\" class=\"aux-attachment aux-featured-image aux-attachment-id-96\" alt=\"suportamed\" srcset=\"https:\/\/makroscopio.com\/wp-content\/uploads\/2023\/06\/suportamed-150x150.png 150w,https:\/\/makroscopio.com\/wp-content\/uploads\/2023\/06\/suportamed-300x300.png 300w,https:\/\/makroscopio.com\/wp-content\/uploads\/2023\/06\/suportamed.png 512w\" data-ratio=\"1\" data-original-w=\"512\" sizes=\"(max-width:479px) 480px,(max-width:767px) 768px,(max-width:1023px) 1024px,512px\" \/>                    <img loading=\"lazy\" decoding=\"async\" width=\"512\" height=\"512\" src=\"https:\/\/makroscopio.com\/wp-content\/uploads\/2023\/06\/suportamed-imagen.png\" class=\"aux-attachment aux-featured-image attachment-512x512 aux-attachment-id-210 \" alt=\"suportamed-imagen\" srcset=\"https:\/\/makroscopio.com\/wp-content\/uploads\/2023\/06\/suportamed-imagen-150x150.png 150w,https:\/\/makroscopio.com\/wp-content\/uploads\/2023\/06\/suportamed-imagen-300x300.png 300w,https:\/\/makroscopio.com\/wp-content\/uploads\/2023\/06\/suportamed-imagen.png 512w,https:\/\/makroscopio.com\/wp-content\/uploads\/2023\/06\/suportamed-imagen-502x502.png 502w\" data-ratio=\"1\" data-original-w=\"512\" sizes=\"(max-width:479px) 480px,(max-width:767px) 768px,(max-width:1023px) 1024px,512px\" \/>                <\/div>\n            \n                <\/div>\n    <\/div>\n\n<\/section><!-- widget-container -->\t\t\t\t<\/div>\n\t\t\t\t<\/div>\n\t\t\t\t<div class=\"elementor-element elementor-element-e7255b8 elementor-widget elementor-widget-aux_modern_heading\" data-id=\"e7255b8\" data-element_type=\"widget\" data-widget_type=\"aux_modern_heading.default\">\n\t\t\t\t<div class=\"elementor-widget-container\">\n\t\t\t\t\t<section class=\"aux-widget-modern-heading\">\n            <div class=\"aux-widget-inner\"><div class=\"aux-modern-heading-divider\"><\/div><h1 class=\"aux-modern-heading-primary\">Servicios<\/h1><h3 class=\"aux-modern-heading-secondary\"><span class=\"aux-head-before\">m\u00e9dicos<\/span><\/h3><\/div>\n        <\/section>\t\t\t\t<\/div>\n\t\t\t\t<\/div>\n\t\t\t\t<div class=\"elementor-element elementor-element-f244232 elementor-widget elementor-widget-aux_modern_button\" data-id=\"f244232\" data-element_type=\"widget\" data-widget_type=\"aux_modern_button.default\">\n\t\t\t\t<div class=\"elementor-widget-container\">\n\t\t\t\t\t    <div class=\"aux-modern-button-wrapper aux-modern-button-align-center\" >\n                    <a class=\"aux-modern-button aux-black aux-modern-button-md aux-modern-button-normal aux-modern-button-default aux-icon-\" href=\"https:\/\/makroscopio.com\/?page_id=281\" target=\"_blank\">\n                <div class=\"aux-overlay\"><\/div>\n                                    <div class=\"aux-icon \">\n                                            <\/div>\n                                <div class=\"aux-text\">\n<span class=\"aux-text-before\">Conoce m\u00e1s<\/span>                <\/div>\n            <\/a>\n            \n    <\/div>\n\n    \t\t\t\t<\/div>\n\t\t\t\t<\/div>\n\t\t\t\t\t<\/div>\n\t\t<\/div>\n\t\t\t\t<div class=\"aux-parallax-section elementor-column elementor-col-25 elementor-top-column elementor-element elementor-element-141b350\" data-id=\"141b350\" data-element_type=\"column\">\n\t\t\t<div class=\"elementor-widget-wrap elementor-element-populated\">\n\t\t\t\t\t\t<div class=\"elementor-element elementor-element-363a5ed elementor-widget elementor-widget-aux_image\" data-id=\"363a5ed\" data-element_type=\"widget\" data-widget_type=\"aux_image.default\">\n\t\t\t\t<div class=\"elementor-widget-container\">\n\t\t\t\t\t<section class=\"widget-container aux-widget-image aux-alignnone aux-parent-au13b95307\">\n    <div class=\"aux-media-hint-frame \">\n        <div class=\"aux-media-image \" >\n        \n            \n\n            \n                            <div class=\"aux-image-holder aux-image-has-secondary\">\n                    <img loading=\"lazy\" decoding=\"async\" width=\"512\" height=\"512\" src=\"https:\/\/makroscopio.com\/wp-content\/uploads\/2023\/06\/fiare-software.png\" class=\"aux-attachment aux-featured-image aux-attachment-id-97\" alt=\"fiare-software\" srcset=\"https:\/\/makroscopio.com\/wp-content\/uploads\/2023\/06\/fiare-software-150x150.png 150w,https:\/\/makroscopio.com\/wp-content\/uploads\/2023\/06\/fiare-software-300x300.png 300w,https:\/\/makroscopio.com\/wp-content\/uploads\/2023\/06\/fiare-software.png 512w\" data-ratio=\"1\" data-original-w=\"512\" sizes=\"(max-width:479px) 480px,(max-width:767px) 768px,(max-width:1023px) 1024px,512px\" \/>                    <img loading=\"lazy\" decoding=\"async\" width=\"512\" height=\"512\" src=\"https:\/\/makroscopio.com\/wp-content\/uploads\/2023\/06\/fiare-software-imagen.png\" class=\"aux-attachment aux-featured-image attachment-512x512 aux-attachment-id-212 \" alt=\"fiare-software-imagen\" srcset=\"https:\/\/makroscopio.com\/wp-content\/uploads\/2023\/06\/fiare-software-imagen-150x150.png 150w,https:\/\/makroscopio.com\/wp-content\/uploads\/2023\/06\/fiare-software-imagen-300x300.png 300w,https:\/\/makroscopio.com\/wp-content\/uploads\/2023\/06\/fiare-software-imagen.png 512w,https:\/\/makroscopio.com\/wp-content\/uploads\/2023\/06\/fiare-software-imagen-502x502.png 502w\" data-ratio=\"1\" data-original-w=\"512\" sizes=\"(max-width:479px) 480px,(max-width:767px) 768px,(max-width:1023px) 1024px,512px\" \/>                <\/div>\n            \n                <\/div>\n    <\/div>\n\n<\/section><!-- widget-container -->\t\t\t\t<\/div>\n\t\t\t\t<\/div>\n\t\t\t\t<div class=\"elementor-element elementor-element-3e284cf elementor-widget elementor-widget-aux_modern_heading\" data-id=\"3e284cf\" data-element_type=\"widget\" data-widget_type=\"aux_modern_heading.default\">\n\t\t\t\t<div class=\"elementor-widget-container\">\n\t\t\t\t\t<section class=\"aux-widget-modern-heading\">\n            <div class=\"aux-widget-inner\"><div class=\"aux-modern-heading-divider\"><\/div><h1 class=\"aux-modern-heading-primary\">Soluciones<\/h1><h3 class=\"aux-modern-heading-secondary\"><span class=\"aux-head-before\">inform\u00e1ticas<\/span><\/h3><\/div>\n        <\/section>\t\t\t\t<\/div>\n\t\t\t\t<\/div>\n\t\t\t\t<div class=\"elementor-element elementor-element-1e0fd13 elementor-widget elementor-widget-aux_modern_button\" data-id=\"1e0fd13\" data-element_type=\"widget\" data-widget_type=\"aux_modern_button.default\">\n\t\t\t\t<div class=\"elementor-widget-container\">\n\t\t\t\t\t    <div class=\"aux-modern-button-wrapper aux-modern-button-align-center\" >\n                    <a class=\"aux-modern-button aux-black aux-modern-button-md aux-modern-button-normal aux-modern-button-default aux-icon-\" href=\"https:\/\/makroscopio.com\/?page_id=303\" target=\"_blank\">\n                <div class=\"aux-overlay\"><\/div>\n                                    <div class=\"aux-icon \">\n                                            <\/div>\n                                <div class=\"aux-text\">\n<span class=\"aux-text-before\">Conoce m\u00e1s<\/span>                <\/div>\n            <\/a>\n            \n    <\/div>\n\n    \t\t\t\t<\/div>\n\t\t\t\t<\/div>\n\t\t\t\t\t<\/div>\n\t\t<\/div>\n\t\t\t\t<div class=\"aux-parallax-section elementor-column elementor-col-25 elementor-top-column elementor-element elementor-element-107620c\" data-id=\"107620c\" data-element_type=\"column\">\n\t\t\t<div class=\"elementor-widget-wrap elementor-element-populated\">\n\t\t\t\t\t\t<div class=\"elementor-element elementor-element-352ccf7 elementor-widget elementor-widget-aux_image\" data-id=\"352ccf7\" data-element_type=\"widget\" data-widget_type=\"aux_image.default\">\n\t\t\t\t<div class=\"elementor-widget-container\">\n\t\t\t\t\t<section class=\"widget-container aux-widget-image aux-alignnone aux-parent-au1b2a435e\">\n    <div class=\"aux-media-hint-frame \">\n        <div class=\"aux-media-image \" >\n        \n            \n\n            \n                            <div class=\"aux-image-holder aux-image-has-secondary\">\n                    <img loading=\"lazy\" decoding=\"async\" width=\"512\" height=\"512\" src=\"https:\/\/makroscopio.com\/wp-content\/uploads\/2023\/06\/filtro-rosa.png\" class=\"aux-attachment aux-featured-image aux-attachment-id-98\" alt=\"filtro-rosa\" srcset=\"https:\/\/makroscopio.com\/wp-content\/uploads\/2023\/06\/filtro-rosa-150x150.png 150w,https:\/\/makroscopio.com\/wp-content\/uploads\/2023\/06\/filtro-rosa-300x300.png 300w,https:\/\/makroscopio.com\/wp-content\/uploads\/2023\/06\/filtro-rosa.png 512w\" data-ratio=\"1\" data-original-w=\"512\" sizes=\"(max-width:479px) 480px,(max-width:767px) 768px,(max-width:1023px) 1024px,512px\" \/>                    <img loading=\"lazy\" decoding=\"async\" width=\"512\" height=\"512\" src=\"https:\/\/makroscopio.com\/wp-content\/uploads\/2023\/06\/filtro-rosa-imagen.png\" class=\"aux-attachment aux-featured-image attachment-512x512 aux-attachment-id-213 \" alt=\"filtro-rosa-imagen\" srcset=\"https:\/\/makroscopio.com\/wp-content\/uploads\/2023\/06\/filtro-rosa-imagen-150x150.png 150w,https:\/\/makroscopio.com\/wp-content\/uploads\/2023\/06\/filtro-rosa-imagen-300x300.png 300w,https:\/\/makroscopio.com\/wp-content\/uploads\/2023\/06\/filtro-rosa-imagen.png 512w,https:\/\/makroscopio.com\/wp-content\/uploads\/2023\/06\/filtro-rosa-imagen-502x502.png 502w\" data-ratio=\"1\" data-original-w=\"512\" sizes=\"(max-width:479px) 480px,(max-width:767px) 768px,(max-width:1023px) 1024px,512px\" \/>                <\/div>\n            \n                <\/div>\n    <\/div>\n\n<\/section><!-- widget-container -->\t\t\t\t<\/div>\n\t\t\t\t<\/div>\n\t\t\t\t<div class=\"elementor-element elementor-element-a4a2676 elementor-widget elementor-widget-aux_modern_heading\" data-id=\"a4a2676\" data-element_type=\"widget\" data-widget_type=\"aux_modern_heading.default\">\n\t\t\t\t<div class=\"elementor-widget-container\">\n\t\t\t\t\t<section class=\"aux-widget-modern-heading\">\n            <div class=\"aux-widget-inner\"><div class=\"aux-modern-heading-divider\"><\/div><h1 class=\"aux-modern-heading-primary\">Contenidos <\/h1><h3 class=\"aux-modern-heading-secondary\"><span class=\"aux-head-before\">para la salud<\/span><\/h3><\/div>\n        <\/section>\t\t\t\t<\/div>\n\t\t\t\t<\/div>\n\t\t\t\t<div class=\"elementor-element elementor-element-d53410f elementor-widget elementor-widget-aux_modern_button\" data-id=\"d53410f\" data-element_type=\"widget\" data-widget_type=\"aux_modern_button.default\">\n\t\t\t\t<div class=\"elementor-widget-container\">\n\t\t\t\t\t    <div class=\"aux-modern-button-wrapper aux-modern-button-align-center\" >\n                    <a class=\"aux-modern-button aux-black aux-modern-button-md aux-modern-button-normal aux-modern-button-default aux-icon-\" href=\"https:\/\/makroscopio.com\/?page_id=355\" target=\"_blank\">\n                <div class=\"aux-overlay\"><\/div>\n                                    <div class=\"aux-icon \">\n                                            <\/div>\n                                <div class=\"aux-text\">\n<span class=\"aux-text-before\">Conoce m\u00e1s<\/span>                <\/div>\n            <\/a>\n            \n    <\/div>\n\n    \t\t\t\t<\/div>\n\t\t\t\t<\/div>\n\t\t\t\t\t<\/div>\n\t\t<\/div>\n\t\t\t\t\t<\/div>\n\t\t<\/section>\n\t\t\t\t<\/div>\n\t\t","protected":false},"excerpt":{"rendered":"<p>Nuestras l\u00edneas de negocio Formaci\u00f3n y capacitaci\u00f3n Conoce m\u00e1s Servicios m\u00e9dicos Conoce m\u00e1s Soluciones inform\u00e1ticas Conoce m\u00e1s Contenidos para la salud Conoce m\u00e1s<\/p>\n","protected":false},"author":2,"featured_media":0,"parent":0,"menu_order":0,"comment_status":"closed","ping_status":"closed","template":"","meta":{"content-type":"","footnotes":""},"class_list":["post-185","page","type-page","status-publish","hentry"],"yoast_head":"<!-- This site is optimized with the Yoast SEO plugin v26.1.1 - https:\/\/yoast.com\/wordpress\/plugins\/seo\/ -->\n<title>L\u00edneas de Negocio - Makroscopio Servicios de Salud<\/title>\n<meta name=\"robots\" content=\"index, follow, max-snippet:-1, max-image-preview:large, max-video-preview:-1\" \/>\n<link rel=\"canonical\" href=\"https:\/\/makroscopio.com\/?page_id=185\" \/>\n<meta property=\"og:locale\" content=\"es_ES\" \/>\n<meta property=\"og:type\" content=\"article\" \/>\n<meta property=\"og:title\" content=\"L\u00edneas de Negocio - Makroscopio Servicios de Salud\" \/>\n<meta property=\"og:description\" content=\"Nuestras l\u00edneas de negocio Formaci\u00f3n y capacitaci\u00f3n Conoce m\u00e1s Servicios m\u00e9dicos Conoce m\u00e1s Soluciones inform\u00e1ticas Conoce m\u00e1s Contenidos para la salud Conoce m\u00e1s\" \/>\n<meta property=\"og:url\" content=\"https:\/\/makroscopio.com\/?page_id=185\" \/>\n<meta property=\"og:site_name\" content=\"Makroscopio Servicios de Salud\" \/>\n<meta property=\"article:modified_time\" content=\"2023-06-27T21:29:03+00:00\" \/>\n<meta property=\"og:image\" content=\"https:\/\/makroscopio.com\/wp-content\/uploads\/2023\/06\/makrose.png\" \/>\n<meta name=\"twitter:card\" content=\"summary_large_image\" \/>\n<script type=\"application\/ld+json\" class=\"yoast-schema-graph\">{\"@context\":\"https:\/\/schema.org\",\"@graph\":[{\"@type\":\"WebPage\",\"@id\":\"https:\/\/makroscopio.com\/?page_id=185\",\"url\":\"https:\/\/makroscopio.com\/?page_id=185\",\"name\":\"L\u00edneas de Negocio - Makroscopio Servicios de Salud\",\"isPartOf\":{\"@id\":\"https:\/\/makroscopio.com\/#website\"},\"primaryImageOfPage\":{\"@id\":\"https:\/\/makroscopio.com\/?page_id=185#primaryimage\"},\"image\":{\"@id\":\"https:\/\/makroscopio.com\/?page_id=185#primaryimage\"},\"thumbnailUrl\":\"https:\/\/makroscopio.com\/wp-content\/uploads\/2023\/06\/makrose.png\",\"datePublished\":\"2023-06-26T15:22:04+00:00\",\"dateModified\":\"2023-06-27T21:29:03+00:00\",\"breadcrumb\":{\"@id\":\"https:\/\/makroscopio.com\/?page_id=185#breadcrumb\"},\"inLanguage\":\"es\",\"potentialAction\":[{\"@type\":\"ReadAction\",\"target\":[\"https:\/\/makroscopio.com\/?page_id=185\"]}]},{\"@type\":\"ImageObject\",\"inLanguage\":\"es\",\"@id\":\"https:\/\/makroscopio.com\/?page_id=185#primaryimage\",\"url\":\"https:\/\/makroscopio.com\/wp-content\/uploads\/2023\/06\/makrose.png\",\"contentUrl\":\"https:\/\/makroscopio.com\/wp-content\/uploads\/2023\/06\/makrose.png\",\"width\":512,\"height\":512},{\"@type\":\"BreadcrumbList\",\"@id\":\"https:\/\/makroscopio.com\/?page_id=185#breadcrumb\",\"itemListElement\":[{\"@type\":\"ListItem\",\"position\":1,\"name\":\"Portada\",\"item\":\"https:\/\/makroscopio.com\/\"},{\"@type\":\"ListItem\",\"position\":2,\"name\":\"L\u00edneas de Negocio\"}]},{\"@type\":\"WebSite\",\"@id\":\"https:\/\/makroscopio.com\/#website\",\"url\":\"https:\/\/makroscopio.com\/\",\"name\":\"Makroscopio Servicios de Salud\",\"description\":\"Innovamos para tu salud.\",\"publisher\":{\"@id\":\"https:\/\/makroscopio.com\/#organization\"},\"potentialAction\":[{\"@type\":\"SearchAction\",\"target\":{\"@type\":\"EntryPoint\",\"urlTemplate\":\"https:\/\/makroscopio.com\/?s={search_term_string}\"},\"query-input\":{\"@type\":\"PropertyValueSpecification\",\"valueRequired\":true,\"valueName\":\"search_term_string\"}}],\"inLanguage\":\"es\"},{\"@type\":\"Organization\",\"@id\":\"https:\/\/makroscopio.com\/#organization\",\"name\":\"Makroscopio Servicios de Salud\",\"url\":\"https:\/\/makroscopio.com\/\",\"logo\":{\"@type\":\"ImageObject\",\"inLanguage\":\"es\",\"@id\":\"https:\/\/makroscopio.com\/#\/schema\/logo\/image\/\",\"url\":\"https:\/\/makroscopio.com\/wp-content\/uploads\/2023\/06\/cropped-logotipo-makroscopio-transparencia.png\",\"contentUrl\":\"https:\/\/makroscopio.com\/wp-content\/uploads\/2023\/06\/cropped-logotipo-makroscopio-transparencia.png\",\"width\":1366,\"height\":520,\"caption\":\"Makroscopio Servicios de Salud\"},\"image\":{\"@id\":\"https:\/\/makroscopio.com\/#\/schema\/logo\/image\/\"}}]}<\/script>\n<!-- \/ Yoast SEO plugin. -->","yoast_head_json":{"title":"L\u00edneas de Negocio - Makroscopio Servicios de Salud","robots":{"index":"index","follow":"follow","max-snippet":"max-snippet:-1","max-image-preview":"max-image-preview:large","max-video-preview":"max-video-preview:-1"},"canonical":"https:\/\/makroscopio.com\/?page_id=185","og_locale":"es_ES","og_type":"article","og_title":"L\u00edneas de Negocio - Makroscopio Servicios de Salud","og_description":"Nuestras l\u00edneas de negocio Formaci\u00f3n y capacitaci\u00f3n Conoce m\u00e1s Servicios m\u00e9dicos Conoce m\u00e1s Soluciones inform\u00e1ticas Conoce m\u00e1s Contenidos para la salud Conoce m\u00e1s","og_url":"https:\/\/makroscopio.com\/?page_id=185","og_site_name":"Makroscopio Servicios de Salud","article_modified_time":"2023-06-27T21:29:03+00:00","og_image":[{"url":"https:\/\/makroscopio.com\/wp-content\/uploads\/2023\/06\/makrose.png","type":"","width":"","height":""}],"twitter_card":"summary_large_image","schema":{"@context":"https:\/\/schema.org","@graph":[{"@type":"WebPage","@id":"https:\/\/makroscopio.com\/?page_id=185","url":"https:\/\/makroscopio.com\/?page_id=185","name":"L\u00edneas de Negocio - Makroscopio Servicios de Salud","isPartOf":{"@id":"https:\/\/makroscopio.com\/#website"},"primaryImageOfPage":{"@id":"https:\/\/makroscopio.com\/?page_id=185#primaryimage"},"image":{"@id":"https:\/\/makroscopio.com\/?page_id=185#primaryimage"},"thumbnailUrl":"https:\/\/makroscopio.com\/wp-content\/uploads\/2023\/06\/makrose.png","datePublished":"2023-06-26T15:22:04+00:00","dateModified":"2023-06-27T21:29:03+00:00","breadcrumb":{"@id":"https:\/\/makroscopio.com\/?page_id=185#breadcrumb"},"inLanguage":"es","potentialAction":[{"@type":"ReadAction","target":["https:\/\/makroscopio.com\/?page_id=185"]}]},{"@type":"ImageObject","inLanguage":"es","@id":"https:\/\/makroscopio.com\/?page_id=185#primaryimage","url":"https:\/\/makroscopio.com\/wp-content\/uploads\/2023\/06\/makrose.png","contentUrl":"https:\/\/makroscopio.com\/wp-content\/uploads\/2023\/06\/makrose.png","width":512,"height":512},{"@type":"BreadcrumbList","@id":"https:\/\/makroscopio.com\/?page_id=185#breadcrumb","itemListElement":[{"@type":"ListItem","position":1,"name":"Portada","item":"https:\/\/makroscopio.com\/"},{"@type":"ListItem","position":2,"name":"L\u00edneas de Negocio"}]},{"@type":"WebSite","@id":"https:\/\/makroscopio.com\/#website","url":"https:\/\/makroscopio.com\/","name":"Makroscopio Servicios de Salud","description":"Innovamos para tu salud.","publisher":{"@id":"https:\/\/makroscopio.com\/#organization"},"potentialAction":[{"@type":"SearchAction","target":{"@type":"EntryPoint","urlTemplate":"https:\/\/makroscopio.com\/?s={search_term_string}"},"query-input":{"@type":"PropertyValueSpecification","valueRequired":true,"valueName":"search_term_string"}}],"inLanguage":"es"},{"@type":"Organization","@id":"https:\/\/makroscopio.com\/#organization","name":"Makroscopio Servicios de Salud","url":"https:\/\/makroscopio.com\/","logo":{"@type":"ImageObject","inLanguage":"es","@id":"https:\/\/makroscopio.com\/#\/schema\/logo\/image\/","url":"https:\/\/makroscopio.com\/wp-content\/uploads\/2023\/06\/cropped-logotipo-makroscopio-transparencia.png","contentUrl":"https:\/\/makroscopio.com\/wp-content\/uploads\/2023\/06\/cropped-logotipo-makroscopio-transparencia.png","width":1366,"height":520,"caption":"Makroscopio Servicios de Salud"},"image":{"@id":"https:\/\/makroscopio.com\/#\/schema\/logo\/image\/"}}]}},"_links":{"self":[{"href":"https:\/\/makroscopio.com\/index.php?rest_route=\/wp\/v2\/pages\/185","targetHints":{"allow":["GET"]}}],"collection":[{"href":"https:\/\/makroscopio.com\/index.php?rest_route=\/wp\/v2\/pages"}],"about":[{"href":"https:\/\/makroscopio.com\/index.php?rest_route=\/wp\/v2\/types\/page"}],"author":[{"embeddable":true,"href":"https:\/\/makroscopio.com\/index.php?rest_route=\/wp\/v2\/users\/2"}],"replies":[{"embeddable":true,"href":"https:\/\/makroscopio.com\/index.php?rest_route=%2Fwp%2Fv2%2Fcomments&post=185"}],"version-history":[{"count":88,"href":"https:\/\/makroscopio.com\/index.php?rest_route=\/wp\/v2\/pages\/185\/revisions"}],"predecessor-version":[{"id":561,"href":"https:\/\/makroscopio.com\/index.php?rest_route=\/wp\/v2\/pages\/185\/revisions\/561"}],"wp:attachment":[{"href":"https:\/\/makroscopio.com\/index.php?rest_route=%2Fwp%2Fv2%2Fmedia&parent=185"}],"curies":[{"name":"wp","href":"https:\/\/api.w.org\/{rel}","templated":true}]}}