{"id":258,"date":"2023-06-26T16:55:52","date_gmt":"2023-06-26T16:55:52","guid":{"rendered":"https:\/\/makroscopio.com\/?page_id=258"},"modified":"2023-06-27T21:46:51","modified_gmt":"2023-06-27T21:46:51","slug":"makrose","status":"publish","type":"page","link":"https:\/\/makroscopio.com\/?page_id=258","title":{"rendered":"Makros\u00e9"},"content":{"rendered":"\t\t<div data-elementor-type=\"wp-page\" data-elementor-id=\"258\" class=\"elementor elementor-258\">\n\t\t\t\t\t\t<section class=\"elementor-section elementor-top-section elementor-element elementor-element-9c6892c elementor-section-content-middle elementor-section-boxed elementor-section-height-default elementor-section-height-default\" data-id=\"9c6892c\" data-element_type=\"section\">\n\t\t\t\t\t\t<div class=\"elementor-container elementor-column-gap-default\">\n\t\t\t\t\t<div class=\"aux-parallax-section elementor-column elementor-col-50 elementor-top-column elementor-element elementor-element-1b72fa9\" data-id=\"1b72fa9\" data-element_type=\"column\">\n\t\t\t<div class=\"elementor-widget-wrap elementor-element-populated\">\n\t\t\t\t\t\t<div class=\"elementor-element elementor-element-58a22d3 elementor-widget elementor-widget-image\" data-id=\"58a22d3\" data-element_type=\"widget\" data-widget_type=\"image.default\">\n\t\t\t\t<div class=\"elementor-widget-container\">\n\t\t\t\t\t\t\t\t\t\t\t\t\t\t\t<img decoding=\"async\" width=\"150\" height=\"150\" src=\"https:\/\/makroscopio.com\/wp-content\/uploads\/2023\/06\/makrose-150x150.png\" class=\"attachment-thumbnail size-thumbnail wp-image-99\" alt=\"\" srcset=\"https:\/\/makroscopio.com\/wp-content\/uploads\/2023\/06\/makrose-150x150.png 150w, https:\/\/makroscopio.com\/wp-content\/uploads\/2023\/06\/makrose-300x300.png 300w, https:\/\/makroscopio.com\/wp-content\/uploads\/2023\/06\/makrose.png 512w\" sizes=\"(max-width: 150px) 100vw, 150px\" \/>\t\t\t\t\t\t\t\t\t\t\t\t\t\t\t<\/div>\n\t\t\t\t<\/div>\n\t\t\t\t<div class=\"elementor-element elementor-element-28d4f44 elementor-widget elementor-widget-aux_modern_heading\" data-id=\"28d4f44\" data-element_type=\"widget\" data-widget_type=\"aux_modern_heading.default\">\n\t\t\t\t<div class=\"elementor-widget-container\">\n\t\t\t\t\t<section class=\"aux-widget-modern-heading\">\n            <div class=\"aux-widget-inner\"><div class=\"aux-modern-heading-divider\"><\/div><h2 class=\"aux-modern-heading-primary\">Formaci\u00f3n<\/h2><h3 class=\"aux-modern-heading-secondary\"><span class=\"aux-head-before\">y capacitaci\u00f3n.<\/span><\/h3><\/div>\n        <\/section>\t\t\t\t<\/div>\n\t\t\t\t<\/div>\n\t\t\t\t<div class=\"elementor-element elementor-element-cf4eb35 elementor-widget elementor-widget-text-editor\" data-id=\"cf4eb35\" data-element_type=\"widget\" data-widget_type=\"text-editor.default\">\n\t\t\t\t<div class=\"elementor-widget-container\">\n\t\t\t\t\t\t\t\t\t<p style=\"text-align: justify;\">Makros\u00e9 es una propuesta que est\u00e1 dirigida a dar el soporte completo a organizaciones de la salud en materia de gesti\u00f3n de la salud, gesti\u00f3n y mejoramiento continuo de la calidad, a trav\u00e9s de procesos de acompa\u00f1amiento\n(asesor\u00edas, consultor\u00edas), de desarrollo (creaci\u00f3n de procesos y estrategias),\nde producci\u00f3n cient\u00edfica (investigaci\u00f3n) y de capacitaci\u00f3n. Makros\u00e9 es un proceso din\u00e1mico, en continuo desarrollo, que busca la innovaci\u00f3n. Depende de los avances sociales y cient\u00edficos que construyen las mejores estrategias y las convierte en procesos operativos contextualizados a nuestro medio.<\/p>\t\t\t\t\t\t\t\t<\/div>\n\t\t\t\t<\/div>\n\t\t\t\t<div class=\"elementor-element elementor-element-2958b4e elementor-widget elementor-widget-aux_modern_button\" data-id=\"2958b4e\" data-element_type=\"widget\" data-widget_type=\"aux_modern_button.default\">\n\t\t\t\t<div class=\"elementor-widget-container\">\n\t\t\t\t\t    <div class=\"aux-modern-button-wrapper aux-modern-button-align-left\" >\n                    <a class=\"aux-modern-button aux-white aux-modern-button-md aux-modern-button-normal aux-modern-button-default aux-icon-\" href=\"https:\/\/makrose.com.ec\/\" target=\"_blank\">\n                <div class=\"aux-overlay\"><\/div>\n                                    <div class=\"aux-icon \">\n                                            <\/div>\n                                <div class=\"aux-text\">\n<span class=\"aux-text-before\">www.makrose.com.ec<\/span>                <\/div>\n            <\/a>\n            \n    <\/div>\n\n    \t\t\t\t<\/div>\n\t\t\t\t<\/div>\n\t\t\t\t\t<\/div>\n\t\t<\/div>\n\t\t\t\t<div class=\"aux-parallax-section elementor-column elementor-col-50 elementor-top-column elementor-element elementor-element-eceaece\" data-id=\"eceaece\" data-element_type=\"column\">\n\t\t\t<div class=\"elementor-widget-wrap elementor-element-populated\">\n\t\t\t\t\t\t<div class=\"elementor-element elementor-element-93a3793 elementor-widget elementor-widget-aux_touch_slider\" data-id=\"93a3793\" data-element_type=\"widget\" data-widget_type=\"aux_touch_slider.default\">\n\t\t\t\t<div class=\"elementor-widget-container\">\n\t\t\t\t\t<section class=\"widget-container aux-widget-touch-slider aux-widget-post-slider aux-parent-auf9af3b15\"><div class=\"master-carousel-slider aux-latest-posts-slider aux-no-js aux-light-skin\" data-empty-height=\"560\" data-navigation=\"peritem\" data-space=\"0\" data-auto-height=\"true\" data-delay=\"\" data-loop=\"yes\" data-autoplay=\"\">        <div class=\"aux-mc-item\" >\n                <div class=\"aux-slide-media\">\n                    <div class=\"aux-media-frame aux-media-image\"><img fetchpriority=\"high\" decoding=\"async\" width=\"960\" height=\"560\" src=\"https:\/\/makroscopio.com\/wp-content\/uploads\/2023\/06\/makrose-cursos-auditoria-medica-uno.png\" class=\"auxin-attachment attachment-960x560\" alt=\"makrose-cursos-auditoria-medica-uno\" \/><\/div>\n                <\/div>\n                    <\/div>\n\n        <div class=\"aux-mc-item\" >\n                <div class=\"aux-slide-media\">\n                    <div class=\"aux-media-frame aux-media-image\"><img decoding=\"async\" width=\"960\" height=\"560\" src=\"https:\/\/makroscopio.com\/wp-content\/uploads\/2023\/06\/makrose-cursos-auditoria-medica-dos-quito.png\" class=\"auxin-attachment attachment-960x560\" alt=\"makrose-cursos-auditoria-medica-dos-quito\" \/><\/div>\n                <\/div>\n                    <\/div>\n\n        <div class=\"aux-mc-item\" >\n                <div class=\"aux-slide-media\">\n                    <div class=\"aux-media-frame aux-media-image\"><img loading=\"lazy\" decoding=\"async\" width=\"960\" height=\"560\" src=\"https:\/\/makroscopio.com\/wp-content\/uploads\/2023\/06\/makrose-cursos-auditoria-medica-tres-quito.png\" class=\"auxin-attachment attachment-960x560\" alt=\"makrose-cursos-auditoria-medica-tres-quito\" \/><\/div>\n                <\/div>\n                    <\/div>\n\n        <div class=\"aux-mc-item\" >\n                <div class=\"aux-slide-media\">\n                    <div class=\"aux-media-frame aux-media-image\"><img loading=\"lazy\" decoding=\"async\" width=\"960\" height=\"560\" src=\"https:\/\/makroscopio.com\/wp-content\/uploads\/2023\/06\/makrose-cursos-auditoria-medica-cinco-quito.png\" class=\"auxin-attachment attachment-960x560\" alt=\"makrose-cursos-auditoria-medica-cinco-quito\" \/><\/div>\n                <\/div>\n                    <\/div>\n\n        <div class=\"aux-mc-item\" >\n                <div class=\"aux-slide-media\">\n                    <div class=\"aux-media-frame aux-media-image\"><img loading=\"lazy\" decoding=\"async\" width=\"960\" height=\"560\" src=\"https:\/\/makroscopio.com\/wp-content\/uploads\/2023\/06\/makrose-cursos-auditoria-medica-cuatro-quito.png\" class=\"auxin-attachment attachment-960x560\" alt=\"makrose-cursos-auditoria-medica-cuatro-quito\" \/><\/div>\n                <\/div>\n                    <\/div>\n\n        <div class=\"aux-next-arrow aux-arrow-nav aux-white aux-round aux-hover-slide\">\n            <span class=\"aux-overlay\"><\/span>\n            <span class=\"aux-svg-arrow aux-medium-right\"><\/span>\n            <span class=\"aux-hover-arrow aux-svg-arrow aux-medium-right\"><\/span>\n        <\/div>\n        <div class=\"aux-prev-arrow aux-arrow-nav aux-white aux-round aux-hover-slide\">\n            <span class=\"aux-overlay\"><\/span>\n            <span class=\"aux-svg-arrow aux-medium-left\"><\/span>\n            <span class=\"aux-hover-arrow aux-svg-arrow aux-medium-left\"><\/span>\n        <\/div>\n<\/div><!-- aux-col-wrapper --><\/section><!-- widget-container -->\t\t\t\t<\/div>\n\t\t\t\t<\/div>\n\t\t\t\t\t<\/div>\n\t\t<\/div>\n\t\t\t\t\t<\/div>\n\t\t<\/section>\n\t\t\t\t<\/div>\n\t\t","protected":false},"excerpt":{"rendered":"<p>Formaci\u00f3n y capacitaci\u00f3n. Makros\u00e9 es una propuesta que est\u00e1 dirigida a dar el soporte completo a organizaciones de la salud en materia de gesti\u00f3n de la salud, gesti\u00f3n y mejoramiento continuo de la calidad, a trav\u00e9s de procesos de acompa\u00f1amiento (asesor\u00edas, consultor\u00edas), de desarrollo (creaci\u00f3n de procesos y estrategias), de producci\u00f3n cient\u00edfica (investigaci\u00f3n) y de [&hellip;]<\/p>\n","protected":false},"author":2,"featured_media":0,"parent":0,"menu_order":0,"comment_status":"closed","ping_status":"closed","template":"","meta":{"content-type":"","footnotes":""},"class_list":["post-258","page","type-page","status-publish","hentry"],"yoast_head":"<!-- This site is optimized with the Yoast SEO plugin v26.1.1 - https:\/\/yoast.com\/wordpress\/plugins\/seo\/ -->\n<title>Makros\u00e9 - Makroscopio Servicios de Salud<\/title>\n<meta name=\"robots\" content=\"index, follow, max-snippet:-1, max-image-preview:large, max-video-preview:-1\" \/>\n<link rel=\"canonical\" href=\"https:\/\/makroscopio.com\/?page_id=258\" \/>\n<meta property=\"og:locale\" content=\"es_ES\" \/>\n<meta property=\"og:type\" content=\"article\" \/>\n<meta property=\"og:title\" content=\"Makros\u00e9 - Makroscopio Servicios de Salud\" \/>\n<meta property=\"og:description\" content=\"Formaci\u00f3n y capacitaci\u00f3n. Makros\u00e9 es una propuesta que est\u00e1 dirigida a dar el soporte completo a organizaciones de la salud en materia de gesti\u00f3n de la salud, gesti\u00f3n y mejoramiento continuo de la calidad, a trav\u00e9s de procesos de acompa\u00f1amiento (asesor\u00edas, consultor\u00edas), de desarrollo (creaci\u00f3n de procesos y estrategias), de producci\u00f3n cient\u00edfica (investigaci\u00f3n) y de [&hellip;]\" \/>\n<meta property=\"og:url\" content=\"https:\/\/makroscopio.com\/?page_id=258\" \/>\n<meta property=\"og:site_name\" content=\"Makroscopio Servicios de Salud\" \/>\n<meta property=\"article:modified_time\" content=\"2023-06-27T21:46:51+00:00\" \/>\n<meta property=\"og:image\" content=\"https:\/\/makroscopio.com\/wp-content\/uploads\/2023\/06\/makrose-150x150.png\" \/>\n<meta name=\"twitter:card\" content=\"summary_large_image\" \/>\n<meta name=\"twitter:label1\" content=\"Tiempo de lectura\" \/>\n\t<meta name=\"twitter:data1\" content=\"1 minuto\" \/>\n<script type=\"application\/ld+json\" class=\"yoast-schema-graph\">{\"@context\":\"https:\/\/schema.org\",\"@graph\":[{\"@type\":\"WebPage\",\"@id\":\"https:\/\/makroscopio.com\/?page_id=258\",\"url\":\"https:\/\/makroscopio.com\/?page_id=258\",\"name\":\"Makros\u00e9 - Makroscopio Servicios de Salud\",\"isPartOf\":{\"@id\":\"https:\/\/makroscopio.com\/#website\"},\"primaryImageOfPage\":{\"@id\":\"https:\/\/makroscopio.com\/?page_id=258#primaryimage\"},\"image\":{\"@id\":\"https:\/\/makroscopio.com\/?page_id=258#primaryimage\"},\"thumbnailUrl\":\"https:\/\/makroscopio.com\/wp-content\/uploads\/2023\/06\/makrose-150x150.png\",\"datePublished\":\"2023-06-26T16:55:52+00:00\",\"dateModified\":\"2023-06-27T21:46:51+00:00\",\"breadcrumb\":{\"@id\":\"https:\/\/makroscopio.com\/?page_id=258#breadcrumb\"},\"inLanguage\":\"es\",\"potentialAction\":[{\"@type\":\"ReadAction\",\"target\":[\"https:\/\/makroscopio.com\/?page_id=258\"]}]},{\"@type\":\"ImageObject\",\"inLanguage\":\"es\",\"@id\":\"https:\/\/makroscopio.com\/?page_id=258#primaryimage\",\"url\":\"https:\/\/makroscopio.com\/wp-content\/uploads\/2023\/06\/makrose.png\",\"contentUrl\":\"https:\/\/makroscopio.com\/wp-content\/uploads\/2023\/06\/makrose.png\",\"width\":512,\"height\":512},{\"@type\":\"BreadcrumbList\",\"@id\":\"https:\/\/makroscopio.com\/?page_id=258#breadcrumb\",\"itemListElement\":[{\"@type\":\"ListItem\",\"position\":1,\"name\":\"Portada\",\"item\":\"https:\/\/makroscopio.com\/\"},{\"@type\":\"ListItem\",\"position\":2,\"name\":\"Makros\u00e9\"}]},{\"@type\":\"WebSite\",\"@id\":\"https:\/\/makroscopio.com\/#website\",\"url\":\"https:\/\/makroscopio.com\/\",\"name\":\"Makroscopio Servicios de Salud\",\"description\":\"Innovamos para tu salud.\",\"publisher\":{\"@id\":\"https:\/\/makroscopio.com\/#organization\"},\"potentialAction\":[{\"@type\":\"SearchAction\",\"target\":{\"@type\":\"EntryPoint\",\"urlTemplate\":\"https:\/\/makroscopio.com\/?s={search_term_string}\"},\"query-input\":{\"@type\":\"PropertyValueSpecification\",\"valueRequired\":true,\"valueName\":\"search_term_string\"}}],\"inLanguage\":\"es\"},{\"@type\":\"Organization\",\"@id\":\"https:\/\/makroscopio.com\/#organization\",\"name\":\"Makroscopio Servicios de Salud\",\"url\":\"https:\/\/makroscopio.com\/\",\"logo\":{\"@type\":\"ImageObject\",\"inLanguage\":\"es\",\"@id\":\"https:\/\/makroscopio.com\/#\/schema\/logo\/image\/\",\"url\":\"https:\/\/makroscopio.com\/wp-content\/uploads\/2023\/06\/cropped-logotipo-makroscopio-transparencia.png\",\"contentUrl\":\"https:\/\/makroscopio.com\/wp-content\/uploads\/2023\/06\/cropped-logotipo-makroscopio-transparencia.png\",\"width\":1366,\"height\":520,\"caption\":\"Makroscopio Servicios de Salud\"},\"image\":{\"@id\":\"https:\/\/makroscopio.com\/#\/schema\/logo\/image\/\"}}]}<\/script>\n<!-- \/ Yoast SEO plugin. -->","yoast_head_json":{"title":"Makros\u00e9 - Makroscopio Servicios de Salud","robots":{"index":"index","follow":"follow","max-snippet":"max-snippet:-1","max-image-preview":"max-image-preview:large","max-video-preview":"max-video-preview:-1"},"canonical":"https:\/\/makroscopio.com\/?page_id=258","og_locale":"es_ES","og_type":"article","og_title":"Makros\u00e9 - Makroscopio Servicios de Salud","og_description":"Formaci\u00f3n y capacitaci\u00f3n. Makros\u00e9 es una propuesta que est\u00e1 dirigida a dar el soporte completo a organizaciones de la salud en materia de gesti\u00f3n de la salud, gesti\u00f3n y mejoramiento continuo de la calidad, a trav\u00e9s de procesos de acompa\u00f1amiento (asesor\u00edas, consultor\u00edas), de desarrollo (creaci\u00f3n de procesos y estrategias), de producci\u00f3n cient\u00edfica (investigaci\u00f3n) y de [&hellip;]","og_url":"https:\/\/makroscopio.com\/?page_id=258","og_site_name":"Makroscopio Servicios de Salud","article_modified_time":"2023-06-27T21:46:51+00:00","og_image":[{"url":"https:\/\/makroscopio.com\/wp-content\/uploads\/2023\/06\/makrose-150x150.png","type":"","width":"","height":""}],"twitter_card":"summary_large_image","twitter_misc":{"Tiempo de lectura":"1 minuto"},"schema":{"@context":"https:\/\/schema.org","@graph":[{"@type":"WebPage","@id":"https:\/\/makroscopio.com\/?page_id=258","url":"https:\/\/makroscopio.com\/?page_id=258","name":"Makros\u00e9 - Makroscopio Servicios de Salud","isPartOf":{"@id":"https:\/\/makroscopio.com\/#website"},"primaryImageOfPage":{"@id":"https:\/\/makroscopio.com\/?page_id=258#primaryimage"},"image":{"@id":"https:\/\/makroscopio.com\/?page_id=258#primaryimage"},"thumbnailUrl":"https:\/\/makroscopio.com\/wp-content\/uploads\/2023\/06\/makrose-150x150.png","datePublished":"2023-06-26T16:55:52+00:00","dateModified":"2023-06-27T21:46:51+00:00","breadcrumb":{"@id":"https:\/\/makroscopio.com\/?page_id=258#breadcrumb"},"inLanguage":"es","potentialAction":[{"@type":"ReadAction","target":["https:\/\/makroscopio.com\/?page_id=258"]}]},{"@type":"ImageObject","inLanguage":"es","@id":"https:\/\/makroscopio.com\/?page_id=258#primaryimage","url":"https:\/\/makroscopio.com\/wp-content\/uploads\/2023\/06\/makrose.png","contentUrl":"https:\/\/makroscopio.com\/wp-content\/uploads\/2023\/06\/makrose.png","width":512,"height":512},{"@type":"BreadcrumbList","@id":"https:\/\/makroscopio.com\/?page_id=258#breadcrumb","itemListElement":[{"@type":"ListItem","position":1,"name":"Portada","item":"https:\/\/makroscopio.com\/"},{"@type":"ListItem","position":2,"name":"Makros\u00e9"}]},{"@type":"WebSite","@id":"https:\/\/makroscopio.com\/#website","url":"https:\/\/makroscopio.com\/","name":"Makroscopio Servicios de Salud","description":"Innovamos para tu salud.","publisher":{"@id":"https:\/\/makroscopio.com\/#organization"},"potentialAction":[{"@type":"SearchAction","target":{"@type":"EntryPoint","urlTemplate":"https:\/\/makroscopio.com\/?s={search_term_string}"},"query-input":{"@type":"PropertyValueSpecification","valueRequired":true,"valueName":"search_term_string"}}],"inLanguage":"es"},{"@type":"Organization","@id":"https:\/\/makroscopio.com\/#organization","name":"Makroscopio Servicios de Salud","url":"https:\/\/makroscopio.com\/","logo":{"@type":"ImageObject","inLanguage":"es","@id":"https:\/\/makroscopio.com\/#\/schema\/logo\/image\/","url":"https:\/\/makroscopio.com\/wp-content\/uploads\/2023\/06\/cropped-logotipo-makroscopio-transparencia.png","contentUrl":"https:\/\/makroscopio.com\/wp-content\/uploads\/2023\/06\/cropped-logotipo-makroscopio-transparencia.png","width":1366,"height":520,"caption":"Makroscopio Servicios de Salud"},"image":{"@id":"https:\/\/makroscopio.com\/#\/schema\/logo\/image\/"}}]}},"_links":{"self":[{"href":"https:\/\/makroscopio.com\/index.php?rest_route=\/wp\/v2\/pages\/258","targetHints":{"allow":["GET"]}}],"collection":[{"href":"https:\/\/makroscopio.com\/index.php?rest_route=\/wp\/v2\/pages"}],"about":[{"href":"https:\/\/makroscopio.com\/index.php?rest_route=\/wp\/v2\/types\/page"}],"author":[{"embeddable":true,"href":"https:\/\/makroscopio.com\/index.php?rest_route=\/wp\/v2\/users\/2"}],"replies":[{"embeddable":true,"href":"https:\/\/makroscopio.com\/index.php?rest_route=%2Fwp%2Fv2%2Fcomments&post=258"}],"version-history":[{"count":16,"href":"https:\/\/makroscopio.com\/index.php?rest_route=\/wp\/v2\/pages\/258\/revisions"}],"predecessor-version":[{"id":582,"href":"https:\/\/makroscopio.com\/index.php?rest_route=\/wp\/v2\/pages\/258\/revisions\/582"}],"wp:attachment":[{"href":"https:\/\/makroscopio.com\/index.php?rest_route=%2Fwp%2Fv2%2Fmedia&parent=258"}],"curies":[{"name":"wp","href":"https:\/\/api.w.org\/{rel}","templated":true}]}}