{"id":281,"date":"2023-06-26T17:32:04","date_gmt":"2023-06-26T17:32:04","guid":{"rendered":"https:\/\/makroscopio.com\/?page_id=281"},"modified":"2023-06-27T21:49:08","modified_gmt":"2023-06-27T21:49:08","slug":"suportamed","status":"publish","type":"page","link":"https:\/\/makroscopio.com\/?page_id=281","title":{"rendered":"Suportamed"},"content":{"rendered":"\t\t<div data-elementor-type=\"wp-page\" data-elementor-id=\"281\" class=\"elementor elementor-281\">\n\t\t\t\t\t\t<section class=\"elementor-section elementor-top-section elementor-element elementor-element-9f37268 elementor-section-content-middle elementor-section-boxed elementor-section-height-default elementor-section-height-default\" data-id=\"9f37268\" data-element_type=\"section\">\n\t\t\t\t\t\t<div class=\"elementor-container elementor-column-gap-default\">\n\t\t\t\t\t<div class=\"aux-parallax-section elementor-column elementor-col-50 elementor-top-column elementor-element elementor-element-784d871\" data-id=\"784d871\" data-element_type=\"column\">\n\t\t\t<div class=\"elementor-widget-wrap elementor-element-populated\">\n\t\t\t\t\t\t<div class=\"elementor-element elementor-element-dbdcd21 elementor-widget elementor-widget-image\" data-id=\"dbdcd21\" data-element_type=\"widget\" data-widget_type=\"image.default\">\n\t\t\t\t<div class=\"elementor-widget-container\">\n\t\t\t\t\t\t\t\t\t\t\t\t\t\t\t<img decoding=\"async\" width=\"150\" height=\"150\" src=\"https:\/\/makroscopio.com\/wp-content\/uploads\/2023\/06\/suportamed-150x150.png\" class=\"attachment-thumbnail size-thumbnail wp-image-96\" alt=\"\" srcset=\"https:\/\/makroscopio.com\/wp-content\/uploads\/2023\/06\/suportamed-150x150.png 150w, https:\/\/makroscopio.com\/wp-content\/uploads\/2023\/06\/suportamed-300x300.png 300w, https:\/\/makroscopio.com\/wp-content\/uploads\/2023\/06\/suportamed.png 512w\" sizes=\"(max-width: 150px) 100vw, 150px\" \/>\t\t\t\t\t\t\t\t\t\t\t\t\t\t\t<\/div>\n\t\t\t\t<\/div>\n\t\t\t\t<div class=\"elementor-element elementor-element-2b59534 elementor-widget elementor-widget-aux_modern_heading\" data-id=\"2b59534\" data-element_type=\"widget\" data-widget_type=\"aux_modern_heading.default\">\n\t\t\t\t<div class=\"elementor-widget-container\">\n\t\t\t\t\t<section class=\"aux-widget-modern-heading\">\n            <div class=\"aux-widget-inner\"><h2 class=\"aux-modern-heading-primary\">Servicios<\/h2><h3 class=\"aux-modern-heading-secondary\"><span class=\"aux-head-before\">m\u00e9dicos<\/span><\/h3><div class=\"aux-modern-heading-divider\"><\/div><\/div>\n        <\/section>\t\t\t\t<\/div>\n\t\t\t\t<\/div>\n\t\t\t\t<div class=\"elementor-element elementor-element-c36c82b elementor-widget elementor-widget-text-editor\" data-id=\"c36c82b\" data-element_type=\"widget\" data-widget_type=\"text-editor.default\">\n\t\t\t\t<div class=\"elementor-widget-container\">\n\t\t\t\t\t\t\t\t\t<p style=\"text-align: justify;\">Somos una compa\u00f1\u00eda de servicios m\u00e9dicos integrales, integrados y especializados, donde nuestra prioridad es el bienestar y confort de nuestros pacientes con enfermedades cr\u00f3nicas y su entorno familiar.\nCon experiencia desde el a\u00f1o 2011 y los mejores profesionales, brindamos soluci\u00f3n de salud basados en una atenci\u00f3n de calidad y con una capacidad resolutiva sin precedentes en el pa\u00eds.<\/p>\t\t\t\t\t\t\t\t<\/div>\n\t\t\t\t<\/div>\n\t\t\t\t<div class=\"elementor-element elementor-element-5df9fe1 elementor-widget elementor-widget-aux_modern_button\" data-id=\"5df9fe1\" data-element_type=\"widget\" data-widget_type=\"aux_modern_button.default\">\n\t\t\t\t<div class=\"elementor-widget-container\">\n\t\t\t\t\t    <div class=\"aux-modern-button-wrapper aux-modern-button-align-left\" >\n                    <a class=\"aux-modern-button aux-white aux-modern-button-md aux-modern-button-normal aux-modern-button-default aux-icon-\" href=\"https:\/\/suportamed.com\/\" target=\"_blank\">\n                <div class=\"aux-overlay\"><\/div>\n                                    <div class=\"aux-icon \">\n                                            <\/div>\n                                <div class=\"aux-text\">\n<span class=\"aux-text-before\">www.suportamed.com<\/span>                <\/div>\n            <\/a>\n            \n    <\/div>\n\n    \t\t\t\t<\/div>\n\t\t\t\t<\/div>\n\t\t\t\t\t<\/div>\n\t\t<\/div>\n\t\t\t\t<div class=\"aux-parallax-section elementor-column elementor-col-50 elementor-top-column elementor-element elementor-element-495c9c9\" data-id=\"495c9c9\" data-element_type=\"column\">\n\t\t\t<div class=\"elementor-widget-wrap elementor-element-populated\">\n\t\t\t\t\t\t<div class=\"elementor-element elementor-element-977d1e0 elementor-widget elementor-widget-aux_touch_slider\" data-id=\"977d1e0\" data-element_type=\"widget\" data-widget_type=\"aux_touch_slider.default\">\n\t\t\t\t<div class=\"elementor-widget-container\">\n\t\t\t\t\t<section class=\"widget-container aux-widget-touch-slider aux-widget-post-slider aux-parent-au541142c6\"><div class=\"master-carousel-slider aux-latest-posts-slider aux-no-js aux-light-skin\" data-empty-height=\"560\" data-navigation=\"peritem\" data-space=\"0\" data-auto-height=\"true\" data-delay=\"\" data-loop=\"yes\" data-autoplay=\"\">        <div class=\"aux-mc-item\" >\n                <div class=\"aux-slide-media\">\n                    <div class=\"aux-media-frame aux-media-image\"><img fetchpriority=\"high\" decoding=\"async\" width=\"960\" height=\"560\" src=\"https:\/\/makroscopio.com\/wp-content\/uploads\/2023\/06\/suportamed-atencion-paciente-consulta-externa.png\" class=\"auxin-attachment attachment-960x560\" alt=\"suportamed-atencion-paciente-consulta-externa\" \/><\/div>\n                <\/div>\n                    <\/div>\n\n        <div class=\"aux-mc-item\" >\n                <div class=\"aux-slide-media\">\n                    <div class=\"aux-media-frame aux-media-image\"><img decoding=\"async\" width=\"960\" height=\"560\" src=\"https:\/\/makroscopio.com\/wp-content\/uploads\/2023\/06\/suportamed-colocacion-cateter.png\" class=\"auxin-attachment attachment-960x560\" alt=\"suportamed-colocacion-cateter\" \/><\/div>\n                <\/div>\n                    <\/div>\n\n        <div class=\"aux-mc-item\" >\n                <div class=\"aux-slide-media\">\n                    <div class=\"aux-media-frame aux-media-image\"><img loading=\"lazy\" decoding=\"async\" width=\"960\" height=\"560\" src=\"https:\/\/makroscopio.com\/wp-content\/uploads\/2023\/06\/suportamed-enfermeria.png\" class=\"auxin-attachment attachment-960x560\" alt=\"suportamed-enfermeria\" \/><\/div>\n                <\/div>\n                    <\/div>\n\n        <div class=\"aux-mc-item\" >\n                <div class=\"aux-slide-media\">\n                    <div class=\"aux-media-frame aux-media-image\"><img loading=\"lazy\" decoding=\"async\" width=\"960\" height=\"560\" src=\"https:\/\/makroscopio.com\/wp-content\/uploads\/2023\/06\/suportamed-quimioterapia.png\" class=\"auxin-attachment attachment-960x560\" alt=\"suportamed-quimioterapia\" \/><\/div>\n                <\/div>\n                    <\/div>\n\n        <div class=\"aux-mc-item\" >\n                <div class=\"aux-slide-media\">\n                    <div class=\"aux-media-frame aux-media-image\"><img loading=\"lazy\" decoding=\"async\" width=\"960\" height=\"560\" src=\"https:\/\/makroscopio.com\/wp-content\/uploads\/2023\/06\/suportamed-sala-infusion.png\" class=\"auxin-attachment attachment-960x560\" alt=\"suportamed-sala-infusion\" \/><\/div>\n                <\/div>\n                    <\/div>\n\n        <div class=\"aux-next-arrow aux-arrow-nav aux-white aux-round aux-hover-slide\">\n            <span class=\"aux-overlay\"><\/span>\n            <span class=\"aux-svg-arrow aux-medium-right\"><\/span>\n            <span class=\"aux-hover-arrow aux-svg-arrow aux-medium-right\"><\/span>\n        <\/div>\n        <div class=\"aux-prev-arrow aux-arrow-nav aux-white aux-round aux-hover-slide\">\n            <span class=\"aux-overlay\"><\/span>\n            <span class=\"aux-svg-arrow aux-medium-left\"><\/span>\n            <span class=\"aux-hover-arrow aux-svg-arrow aux-medium-left\"><\/span>\n        <\/div>\n<\/div><!-- aux-col-wrapper --><\/section><!-- widget-container -->\t\t\t\t<\/div>\n\t\t\t\t<\/div>\n\t\t\t\t\t<\/div>\n\t\t<\/div>\n\t\t\t\t\t<\/div>\n\t\t<\/section>\n\t\t\t\t<\/div>\n\t\t","protected":false},"excerpt":{"rendered":"<p>Servicios m\u00e9dicos Somos una compa\u00f1\u00eda de servicios m\u00e9dicos integrales, integrados y especializados, donde nuestra prioridad es el bienestar y confort de nuestros pacientes con enfermedades cr\u00f3nicas y su entorno familiar. Con experiencia desde el a\u00f1o 2011 y los mejores profesionales, brindamos soluci\u00f3n de salud basados en una atenci\u00f3n de calidad y con una capacidad resolutiva [&hellip;]<\/p>\n","protected":false},"author":2,"featured_media":0,"parent":0,"menu_order":0,"comment_status":"closed","ping_status":"closed","template":"","meta":{"content-type":"","footnotes":""},"class_list":["post-281","page","type-page","status-publish","hentry"],"yoast_head":"<!-- This site is optimized with the Yoast SEO plugin v26.1.1 - https:\/\/yoast.com\/wordpress\/plugins\/seo\/ -->\n<title>Suportamed - Makroscopio Servicios de Salud<\/title>\n<meta name=\"robots\" content=\"index, follow, max-snippet:-1, max-image-preview:large, max-video-preview:-1\" \/>\n<link rel=\"canonical\" href=\"https:\/\/makroscopio.com\/?page_id=281\" \/>\n<meta property=\"og:locale\" content=\"es_ES\" \/>\n<meta property=\"og:type\" content=\"article\" \/>\n<meta property=\"og:title\" content=\"Suportamed - Makroscopio Servicios de Salud\" \/>\n<meta property=\"og:description\" content=\"Servicios m\u00e9dicos Somos una compa\u00f1\u00eda de servicios m\u00e9dicos integrales, integrados y especializados, donde nuestra prioridad es el bienestar y confort de nuestros pacientes con enfermedades cr\u00f3nicas y su entorno familiar. Con experiencia desde el a\u00f1o 2011 y los mejores profesionales, brindamos soluci\u00f3n de salud basados en una atenci\u00f3n de calidad y con una capacidad resolutiva [&hellip;]\" \/>\n<meta property=\"og:url\" content=\"https:\/\/makroscopio.com\/?page_id=281\" \/>\n<meta property=\"og:site_name\" content=\"Makroscopio Servicios de Salud\" \/>\n<meta property=\"article:modified_time\" content=\"2023-06-27T21:49:08+00:00\" \/>\n<meta property=\"og:image\" content=\"https:\/\/makroscopio.com\/wp-content\/uploads\/2023\/06\/suportamed-150x150.png\" \/>\n<meta name=\"twitter:card\" content=\"summary_large_image\" \/>\n<script type=\"application\/ld+json\" class=\"yoast-schema-graph\">{\"@context\":\"https:\/\/schema.org\",\"@graph\":[{\"@type\":\"WebPage\",\"@id\":\"https:\/\/makroscopio.com\/?page_id=281\",\"url\":\"https:\/\/makroscopio.com\/?page_id=281\",\"name\":\"Suportamed - Makroscopio Servicios de Salud\",\"isPartOf\":{\"@id\":\"https:\/\/makroscopio.com\/#website\"},\"primaryImageOfPage\":{\"@id\":\"https:\/\/makroscopio.com\/?page_id=281#primaryimage\"},\"image\":{\"@id\":\"https:\/\/makroscopio.com\/?page_id=281#primaryimage\"},\"thumbnailUrl\":\"https:\/\/makroscopio.com\/wp-content\/uploads\/2023\/06\/suportamed-150x150.png\",\"datePublished\":\"2023-06-26T17:32:04+00:00\",\"dateModified\":\"2023-06-27T21:49:08+00:00\",\"breadcrumb\":{\"@id\":\"https:\/\/makroscopio.com\/?page_id=281#breadcrumb\"},\"inLanguage\":\"es\",\"potentialAction\":[{\"@type\":\"ReadAction\",\"target\":[\"https:\/\/makroscopio.com\/?page_id=281\"]}]},{\"@type\":\"ImageObject\",\"inLanguage\":\"es\",\"@id\":\"https:\/\/makroscopio.com\/?page_id=281#primaryimage\",\"url\":\"https:\/\/makroscopio.com\/wp-content\/uploads\/2023\/06\/suportamed.png\",\"contentUrl\":\"https:\/\/makroscopio.com\/wp-content\/uploads\/2023\/06\/suportamed.png\",\"width\":512,\"height\":512},{\"@type\":\"BreadcrumbList\",\"@id\":\"https:\/\/makroscopio.com\/?page_id=281#breadcrumb\",\"itemListElement\":[{\"@type\":\"ListItem\",\"position\":1,\"name\":\"Portada\",\"item\":\"https:\/\/makroscopio.com\/\"},{\"@type\":\"ListItem\",\"position\":2,\"name\":\"Suportamed\"}]},{\"@type\":\"WebSite\",\"@id\":\"https:\/\/makroscopio.com\/#website\",\"url\":\"https:\/\/makroscopio.com\/\",\"name\":\"Makroscopio Servicios de Salud\",\"description\":\"Innovamos para tu salud.\",\"publisher\":{\"@id\":\"https:\/\/makroscopio.com\/#organization\"},\"potentialAction\":[{\"@type\":\"SearchAction\",\"target\":{\"@type\":\"EntryPoint\",\"urlTemplate\":\"https:\/\/makroscopio.com\/?s={search_term_string}\"},\"query-input\":{\"@type\":\"PropertyValueSpecification\",\"valueRequired\":true,\"valueName\":\"search_term_string\"}}],\"inLanguage\":\"es\"},{\"@type\":\"Organization\",\"@id\":\"https:\/\/makroscopio.com\/#organization\",\"name\":\"Makroscopio Servicios de Salud\",\"url\":\"https:\/\/makroscopio.com\/\",\"logo\":{\"@type\":\"ImageObject\",\"inLanguage\":\"es\",\"@id\":\"https:\/\/makroscopio.com\/#\/schema\/logo\/image\/\",\"url\":\"https:\/\/makroscopio.com\/wp-content\/uploads\/2023\/06\/cropped-logotipo-makroscopio-transparencia.png\",\"contentUrl\":\"https:\/\/makroscopio.com\/wp-content\/uploads\/2023\/06\/cropped-logotipo-makroscopio-transparencia.png\",\"width\":1366,\"height\":520,\"caption\":\"Makroscopio Servicios de Salud\"},\"image\":{\"@id\":\"https:\/\/makroscopio.com\/#\/schema\/logo\/image\/\"}}]}<\/script>\n<!-- \/ Yoast SEO plugin. -->","yoast_head_json":{"title":"Suportamed - Makroscopio Servicios de Salud","robots":{"index":"index","follow":"follow","max-snippet":"max-snippet:-1","max-image-preview":"max-image-preview:large","max-video-preview":"max-video-preview:-1"},"canonical":"https:\/\/makroscopio.com\/?page_id=281","og_locale":"es_ES","og_type":"article","og_title":"Suportamed - Makroscopio Servicios de Salud","og_description":"Servicios m\u00e9dicos Somos una compa\u00f1\u00eda de servicios m\u00e9dicos integrales, integrados y especializados, donde nuestra prioridad es el bienestar y confort de nuestros pacientes con enfermedades cr\u00f3nicas y su entorno familiar. Con experiencia desde el a\u00f1o 2011 y los mejores profesionales, brindamos soluci\u00f3n de salud basados en una atenci\u00f3n de calidad y con una capacidad resolutiva [&hellip;]","og_url":"https:\/\/makroscopio.com\/?page_id=281","og_site_name":"Makroscopio Servicios de Salud","article_modified_time":"2023-06-27T21:49:08+00:00","og_image":[{"url":"https:\/\/makroscopio.com\/wp-content\/uploads\/2023\/06\/suportamed-150x150.png","type":"","width":"","height":""}],"twitter_card":"summary_large_image","schema":{"@context":"https:\/\/schema.org","@graph":[{"@type":"WebPage","@id":"https:\/\/makroscopio.com\/?page_id=281","url":"https:\/\/makroscopio.com\/?page_id=281","name":"Suportamed - Makroscopio Servicios de Salud","isPartOf":{"@id":"https:\/\/makroscopio.com\/#website"},"primaryImageOfPage":{"@id":"https:\/\/makroscopio.com\/?page_id=281#primaryimage"},"image":{"@id":"https:\/\/makroscopio.com\/?page_id=281#primaryimage"},"thumbnailUrl":"https:\/\/makroscopio.com\/wp-content\/uploads\/2023\/06\/suportamed-150x150.png","datePublished":"2023-06-26T17:32:04+00:00","dateModified":"2023-06-27T21:49:08+00:00","breadcrumb":{"@id":"https:\/\/makroscopio.com\/?page_id=281#breadcrumb"},"inLanguage":"es","potentialAction":[{"@type":"ReadAction","target":["https:\/\/makroscopio.com\/?page_id=281"]}]},{"@type":"ImageObject","inLanguage":"es","@id":"https:\/\/makroscopio.com\/?page_id=281#primaryimage","url":"https:\/\/makroscopio.com\/wp-content\/uploads\/2023\/06\/suportamed.png","contentUrl":"https:\/\/makroscopio.com\/wp-content\/uploads\/2023\/06\/suportamed.png","width":512,"height":512},{"@type":"BreadcrumbList","@id":"https:\/\/makroscopio.com\/?page_id=281#breadcrumb","itemListElement":[{"@type":"ListItem","position":1,"name":"Portada","item":"https:\/\/makroscopio.com\/"},{"@type":"ListItem","position":2,"name":"Suportamed"}]},{"@type":"WebSite","@id":"https:\/\/makroscopio.com\/#website","url":"https:\/\/makroscopio.com\/","name":"Makroscopio Servicios de Salud","description":"Innovamos para tu salud.","publisher":{"@id":"https:\/\/makroscopio.com\/#organization"},"potentialAction":[{"@type":"SearchAction","target":{"@type":"EntryPoint","urlTemplate":"https:\/\/makroscopio.com\/?s={search_term_string}"},"query-input":{"@type":"PropertyValueSpecification","valueRequired":true,"valueName":"search_term_string"}}],"inLanguage":"es"},{"@type":"Organization","@id":"https:\/\/makroscopio.com\/#organization","name":"Makroscopio Servicios de Salud","url":"https:\/\/makroscopio.com\/","logo":{"@type":"ImageObject","inLanguage":"es","@id":"https:\/\/makroscopio.com\/#\/schema\/logo\/image\/","url":"https:\/\/makroscopio.com\/wp-content\/uploads\/2023\/06\/cropped-logotipo-makroscopio-transparencia.png","contentUrl":"https:\/\/makroscopio.com\/wp-content\/uploads\/2023\/06\/cropped-logotipo-makroscopio-transparencia.png","width":1366,"height":520,"caption":"Makroscopio Servicios de Salud"},"image":{"@id":"https:\/\/makroscopio.com\/#\/schema\/logo\/image\/"}}]}},"_links":{"self":[{"href":"https:\/\/makroscopio.com\/index.php?rest_route=\/wp\/v2\/pages\/281","targetHints":{"allow":["GET"]}}],"collection":[{"href":"https:\/\/makroscopio.com\/index.php?rest_route=\/wp\/v2\/pages"}],"about":[{"href":"https:\/\/makroscopio.com\/index.php?rest_route=\/wp\/v2\/types\/page"}],"author":[{"embeddable":true,"href":"https:\/\/makroscopio.com\/index.php?rest_route=\/wp\/v2\/users\/2"}],"replies":[{"embeddable":true,"href":"https:\/\/makroscopio.com\/index.php?rest_route=%2Fwp%2Fv2%2Fcomments&post=281"}],"version-history":[{"count":16,"href":"https:\/\/makroscopio.com\/index.php?rest_route=\/wp\/v2\/pages\/281\/revisions"}],"predecessor-version":[{"id":585,"href":"https:\/\/makroscopio.com\/index.php?rest_route=\/wp\/v2\/pages\/281\/revisions\/585"}],"wp:attachment":[{"href":"https:\/\/makroscopio.com\/index.php?rest_route=%2Fwp%2Fv2%2Fmedia&parent=281"}],"curies":[{"name":"wp","href":"https:\/\/api.w.org\/{rel}","templated":true}]}}