{"id":355,"date":"2023-06-26T22:35:00","date_gmt":"2023-06-26T22:35:00","guid":{"rendered":"https:\/\/makroscopio.com\/?page_id=355"},"modified":"2023-06-27T21:45:16","modified_gmt":"2023-06-27T21:45:16","slug":"filtro-rosa","status":"publish","type":"page","link":"https:\/\/makroscopio.com\/?page_id=355","title":{"rendered":"Filtro Rosa"},"content":{"rendered":"\t\t<div data-elementor-type=\"wp-page\" data-elementor-id=\"355\" class=\"elementor elementor-355\">\n\t\t\t\t\t\t<section class=\"elementor-section elementor-top-section elementor-element elementor-element-c1c27a1 elementor-section-content-middle elementor-section-boxed elementor-section-height-default elementor-section-height-default\" data-id=\"c1c27a1\" data-element_type=\"section\">\n\t\t\t\t\t\t<div class=\"elementor-container elementor-column-gap-default\">\n\t\t\t\t\t<div class=\"aux-parallax-section elementor-column elementor-col-50 elementor-top-column elementor-element elementor-element-c07efa7\" data-id=\"c07efa7\" data-element_type=\"column\">\n\t\t\t<div class=\"elementor-widget-wrap elementor-element-populated\">\n\t\t\t\t\t\t<div class=\"elementor-element elementor-element-1080035 elementor-widget elementor-widget-image\" data-id=\"1080035\" data-element_type=\"widget\" data-widget_type=\"image.default\">\n\t\t\t\t<div class=\"elementor-widget-container\">\n\t\t\t\t\t\t\t\t\t\t\t\t\t\t\t<img decoding=\"async\" width=\"150\" height=\"150\" src=\"https:\/\/makroscopio.com\/wp-content\/uploads\/2023\/06\/filtro-rosa-150x150.png\" class=\"attachment-thumbnail size-thumbnail wp-image-98\" alt=\"\" srcset=\"https:\/\/makroscopio.com\/wp-content\/uploads\/2023\/06\/filtro-rosa-150x150.png 150w, https:\/\/makroscopio.com\/wp-content\/uploads\/2023\/06\/filtro-rosa-300x300.png 300w, https:\/\/makroscopio.com\/wp-content\/uploads\/2023\/06\/filtro-rosa.png 512w\" sizes=\"(max-width: 150px) 100vw, 150px\" \/>\t\t\t\t\t\t\t\t\t\t\t\t\t\t\t<\/div>\n\t\t\t\t<\/div>\n\t\t\t\t<div class=\"elementor-element elementor-element-779f569 elementor-widget elementor-widget-aux_modern_heading\" data-id=\"779f569\" data-element_type=\"widget\" data-widget_type=\"aux_modern_heading.default\">\n\t\t\t\t<div class=\"elementor-widget-container\">\n\t\t\t\t\t<section class=\"aux-widget-modern-heading\">\n            <div class=\"aux-widget-inner\"><h2 class=\"aux-modern-heading-primary\">Contenidos<\/h2><h3 class=\"aux-modern-heading-secondary\"><span class=\"aux-head-before\">para la salud<\/span><\/h3><div class=\"aux-modern-heading-divider\"><\/div><\/div>\n        <\/section>\t\t\t\t<\/div>\n\t\t\t\t<\/div>\n\t\t\t\t<div class=\"elementor-element elementor-element-3782f4a elementor-widget__width-initial elementor-widget elementor-widget-text-editor\" data-id=\"3782f4a\" data-element_type=\"widget\" data-widget_type=\"text-editor.default\">\n\t\t\t\t<div class=\"elementor-widget-container\">\n\t\t\t\t\t\t\t\t\t<p style=\"text-align: justify;\">Somos una revista en formato digital y f\u00edsica que prioriza la generaci\u00f3n de contenidos de actualidad con calidad en salud, ciencia, social y cultural. Priorizamos la calidad del dise\u00f1o como arte visual y art\u00edstico para informar temas de inter\u00e9s con una lectura distinta.<\/p>\n<p style=\"text-align: justify;\">Nuestra audiencia tiene un perfil amplio y diverso. Llegamos a sectores cient\u00edficos m\u00e9dicos, empresarial, acad\u00e9mico y a la familia, a trav\u00e9s de una variedad de temas \u00fatiles para hombres y mujeres desde los 18 a\u00f1os de edad, adultos y adultos mayores, que buscan informaci\u00f3n presentada de forma diversa, art\u00edstica y amena.<\/p>\t\t\t\t\t\t\t\t<\/div>\n\t\t\t\t<\/div>\n\t\t\t\t<div class=\"elementor-element elementor-element-62a3a89 elementor-widget elementor-widget-aux_modern_button\" data-id=\"62a3a89\" data-element_type=\"widget\" data-widget_type=\"aux_modern_button.default\">\n\t\t\t\t<div class=\"elementor-widget-container\">\n\t\t\t\t\t    <div class=\"aux-modern-button-wrapper aux-modern-button-align-left\" >\n                    <a class=\"aux-modern-button aux-black aux-modern-button-md aux-modern-button-normal aux-modern-button-default aux-icon-\" href=\"https:\/\/filtrorosa.com\/\" target=\"_blank\">\n                <div class=\"aux-overlay\"><\/div>\n                                    <div class=\"aux-icon \">\n                                            <\/div>\n                                <div class=\"aux-text\">\n<span class=\"aux-text-before\">www.filtrorosa.com<\/span>                <\/div>\n            <\/a>\n            \n    <\/div>\n\n    \t\t\t\t<\/div>\n\t\t\t\t<\/div>\n\t\t\t\t\t<\/div>\n\t\t<\/div>\n\t\t\t\t<div class=\"aux-parallax-section elementor-column elementor-col-50 elementor-top-column elementor-element elementor-element-94582b7 elementor-hidden-mobile\" data-id=\"94582b7\" data-element_type=\"column\" data-settings=\"{&quot;background_background&quot;:&quot;classic&quot;}\">\n\t\t\t<div class=\"elementor-widget-wrap\">\n\t\t\t\t\t\t\t<\/div>\n\t\t<\/div>\n\t\t\t\t\t<\/div>\n\t\t<\/section>\n\t\t\t\t<\/div>\n\t\t","protected":false},"excerpt":{"rendered":"<p>Contenidos para la salud Somos una revista en formato digital y f\u00edsica que prioriza la generaci\u00f3n de contenidos de actualidad con calidad en salud, ciencia, social y cultural. Priorizamos la calidad del dise\u00f1o como arte visual y art\u00edstico para informar temas de inter\u00e9s con una lectura distinta. Nuestra audiencia tiene un perfil amplio y diverso. [&hellip;]<\/p>\n","protected":false},"author":2,"featured_media":0,"parent":0,"menu_order":0,"comment_status":"closed","ping_status":"closed","template":"","meta":{"content-type":"","footnotes":""},"class_list":["post-355","page","type-page","status-publish","hentry"],"yoast_head":"<!-- This site is optimized with the Yoast SEO plugin v26.1.1 - https:\/\/yoast.com\/wordpress\/plugins\/seo\/ -->\n<title>Filtro Rosa - Makroscopio Servicios de Salud<\/title>\n<meta name=\"robots\" content=\"index, follow, max-snippet:-1, max-image-preview:large, max-video-preview:-1\" \/>\n<link rel=\"canonical\" href=\"https:\/\/makroscopio.com\/?page_id=355\" \/>\n<meta property=\"og:locale\" content=\"es_ES\" \/>\n<meta property=\"og:type\" content=\"article\" \/>\n<meta property=\"og:title\" content=\"Filtro Rosa - Makroscopio Servicios de Salud\" \/>\n<meta property=\"og:description\" content=\"Contenidos para la salud Somos una revista en formato digital y f\u00edsica que prioriza la generaci\u00f3n de contenidos de actualidad con calidad en salud, ciencia, social y cultural. Priorizamos la calidad del dise\u00f1o como arte visual y art\u00edstico para informar temas de inter\u00e9s con una lectura distinta. Nuestra audiencia tiene un perfil amplio y diverso. [&hellip;]\" \/>\n<meta property=\"og:url\" content=\"https:\/\/makroscopio.com\/?page_id=355\" \/>\n<meta property=\"og:site_name\" content=\"Makroscopio Servicios de Salud\" \/>\n<meta property=\"article:modified_time\" content=\"2023-06-27T21:45:16+00:00\" \/>\n<meta property=\"og:image\" content=\"https:\/\/makroscopio.com\/wp-content\/uploads\/2023\/06\/filtro-rosa-150x150.png\" \/>\n<meta name=\"twitter:card\" content=\"summary_large_image\" \/>\n<meta name=\"twitter:label1\" content=\"Tiempo de lectura\" \/>\n\t<meta name=\"twitter:data1\" content=\"1 minuto\" \/>\n<script type=\"application\/ld+json\" class=\"yoast-schema-graph\">{\"@context\":\"https:\/\/schema.org\",\"@graph\":[{\"@type\":\"WebPage\",\"@id\":\"https:\/\/makroscopio.com\/?page_id=355\",\"url\":\"https:\/\/makroscopio.com\/?page_id=355\",\"name\":\"Filtro Rosa - Makroscopio Servicios de Salud\",\"isPartOf\":{\"@id\":\"https:\/\/makroscopio.com\/#website\"},\"primaryImageOfPage\":{\"@id\":\"https:\/\/makroscopio.com\/?page_id=355#primaryimage\"},\"image\":{\"@id\":\"https:\/\/makroscopio.com\/?page_id=355#primaryimage\"},\"thumbnailUrl\":\"https:\/\/makroscopio.com\/wp-content\/uploads\/2023\/06\/filtro-rosa-150x150.png\",\"datePublished\":\"2023-06-26T22:35:00+00:00\",\"dateModified\":\"2023-06-27T21:45:16+00:00\",\"breadcrumb\":{\"@id\":\"https:\/\/makroscopio.com\/?page_id=355#breadcrumb\"},\"inLanguage\":\"es\",\"potentialAction\":[{\"@type\":\"ReadAction\",\"target\":[\"https:\/\/makroscopio.com\/?page_id=355\"]}]},{\"@type\":\"ImageObject\",\"inLanguage\":\"es\",\"@id\":\"https:\/\/makroscopio.com\/?page_id=355#primaryimage\",\"url\":\"https:\/\/makroscopio.com\/wp-content\/uploads\/2023\/06\/filtro-rosa.png\",\"contentUrl\":\"https:\/\/makroscopio.com\/wp-content\/uploads\/2023\/06\/filtro-rosa.png\",\"width\":512,\"height\":512},{\"@type\":\"BreadcrumbList\",\"@id\":\"https:\/\/makroscopio.com\/?page_id=355#breadcrumb\",\"itemListElement\":[{\"@type\":\"ListItem\",\"position\":1,\"name\":\"Portada\",\"item\":\"https:\/\/makroscopio.com\/\"},{\"@type\":\"ListItem\",\"position\":2,\"name\":\"Filtro Rosa\"}]},{\"@type\":\"WebSite\",\"@id\":\"https:\/\/makroscopio.com\/#website\",\"url\":\"https:\/\/makroscopio.com\/\",\"name\":\"Makroscopio Servicios de Salud\",\"description\":\"Innovamos para tu salud.\",\"publisher\":{\"@id\":\"https:\/\/makroscopio.com\/#organization\"},\"potentialAction\":[{\"@type\":\"SearchAction\",\"target\":{\"@type\":\"EntryPoint\",\"urlTemplate\":\"https:\/\/makroscopio.com\/?s={search_term_string}\"},\"query-input\":{\"@type\":\"PropertyValueSpecification\",\"valueRequired\":true,\"valueName\":\"search_term_string\"}}],\"inLanguage\":\"es\"},{\"@type\":\"Organization\",\"@id\":\"https:\/\/makroscopio.com\/#organization\",\"name\":\"Makroscopio Servicios de Salud\",\"url\":\"https:\/\/makroscopio.com\/\",\"logo\":{\"@type\":\"ImageObject\",\"inLanguage\":\"es\",\"@id\":\"https:\/\/makroscopio.com\/#\/schema\/logo\/image\/\",\"url\":\"https:\/\/makroscopio.com\/wp-content\/uploads\/2023\/06\/cropped-logotipo-makroscopio-transparencia.png\",\"contentUrl\":\"https:\/\/makroscopio.com\/wp-content\/uploads\/2023\/06\/cropped-logotipo-makroscopio-transparencia.png\",\"width\":1366,\"height\":520,\"caption\":\"Makroscopio Servicios de Salud\"},\"image\":{\"@id\":\"https:\/\/makroscopio.com\/#\/schema\/logo\/image\/\"}}]}<\/script>\n<!-- \/ Yoast SEO plugin. -->","yoast_head_json":{"title":"Filtro Rosa - Makroscopio Servicios de Salud","robots":{"index":"index","follow":"follow","max-snippet":"max-snippet:-1","max-image-preview":"max-image-preview:large","max-video-preview":"max-video-preview:-1"},"canonical":"https:\/\/makroscopio.com\/?page_id=355","og_locale":"es_ES","og_type":"article","og_title":"Filtro Rosa - Makroscopio Servicios de Salud","og_description":"Contenidos para la salud Somos una revista en formato digital y f\u00edsica que prioriza la generaci\u00f3n de contenidos de actualidad con calidad en salud, ciencia, social y cultural. Priorizamos la calidad del dise\u00f1o como arte visual y art\u00edstico para informar temas de inter\u00e9s con una lectura distinta. Nuestra audiencia tiene un perfil amplio y diverso. [&hellip;]","og_url":"https:\/\/makroscopio.com\/?page_id=355","og_site_name":"Makroscopio Servicios de Salud","article_modified_time":"2023-06-27T21:45:16+00:00","og_image":[{"url":"https:\/\/makroscopio.com\/wp-content\/uploads\/2023\/06\/filtro-rosa-150x150.png","type":"","width":"","height":""}],"twitter_card":"summary_large_image","twitter_misc":{"Tiempo de lectura":"1 minuto"},"schema":{"@context":"https:\/\/schema.org","@graph":[{"@type":"WebPage","@id":"https:\/\/makroscopio.com\/?page_id=355","url":"https:\/\/makroscopio.com\/?page_id=355","name":"Filtro Rosa - Makroscopio Servicios de Salud","isPartOf":{"@id":"https:\/\/makroscopio.com\/#website"},"primaryImageOfPage":{"@id":"https:\/\/makroscopio.com\/?page_id=355#primaryimage"},"image":{"@id":"https:\/\/makroscopio.com\/?page_id=355#primaryimage"},"thumbnailUrl":"https:\/\/makroscopio.com\/wp-content\/uploads\/2023\/06\/filtro-rosa-150x150.png","datePublished":"2023-06-26T22:35:00+00:00","dateModified":"2023-06-27T21:45:16+00:00","breadcrumb":{"@id":"https:\/\/makroscopio.com\/?page_id=355#breadcrumb"},"inLanguage":"es","potentialAction":[{"@type":"ReadAction","target":["https:\/\/makroscopio.com\/?page_id=355"]}]},{"@type":"ImageObject","inLanguage":"es","@id":"https:\/\/makroscopio.com\/?page_id=355#primaryimage","url":"https:\/\/makroscopio.com\/wp-content\/uploads\/2023\/06\/filtro-rosa.png","contentUrl":"https:\/\/makroscopio.com\/wp-content\/uploads\/2023\/06\/filtro-rosa.png","width":512,"height":512},{"@type":"BreadcrumbList","@id":"https:\/\/makroscopio.com\/?page_id=355#breadcrumb","itemListElement":[{"@type":"ListItem","position":1,"name":"Portada","item":"https:\/\/makroscopio.com\/"},{"@type":"ListItem","position":2,"name":"Filtro Rosa"}]},{"@type":"WebSite","@id":"https:\/\/makroscopio.com\/#website","url":"https:\/\/makroscopio.com\/","name":"Makroscopio Servicios de Salud","description":"Innovamos para tu salud.","publisher":{"@id":"https:\/\/makroscopio.com\/#organization"},"potentialAction":[{"@type":"SearchAction","target":{"@type":"EntryPoint","urlTemplate":"https:\/\/makroscopio.com\/?s={search_term_string}"},"query-input":{"@type":"PropertyValueSpecification","valueRequired":true,"valueName":"search_term_string"}}],"inLanguage":"es"},{"@type":"Organization","@id":"https:\/\/makroscopio.com\/#organization","name":"Makroscopio Servicios de Salud","url":"https:\/\/makroscopio.com\/","logo":{"@type":"ImageObject","inLanguage":"es","@id":"https:\/\/makroscopio.com\/#\/schema\/logo\/image\/","url":"https:\/\/makroscopio.com\/wp-content\/uploads\/2023\/06\/cropped-logotipo-makroscopio-transparencia.png","contentUrl":"https:\/\/makroscopio.com\/wp-content\/uploads\/2023\/06\/cropped-logotipo-makroscopio-transparencia.png","width":1366,"height":520,"caption":"Makroscopio Servicios de Salud"},"image":{"@id":"https:\/\/makroscopio.com\/#\/schema\/logo\/image\/"}}]}},"_links":{"self":[{"href":"https:\/\/makroscopio.com\/index.php?rest_route=\/wp\/v2\/pages\/355","targetHints":{"allow":["GET"]}}],"collection":[{"href":"https:\/\/makroscopio.com\/index.php?rest_route=\/wp\/v2\/pages"}],"about":[{"href":"https:\/\/makroscopio.com\/index.php?rest_route=\/wp\/v2\/types\/page"}],"author":[{"embeddable":true,"href":"https:\/\/makroscopio.com\/index.php?rest_route=\/wp\/v2\/users\/2"}],"replies":[{"embeddable":true,"href":"https:\/\/makroscopio.com\/index.php?rest_route=%2Fwp%2Fv2%2Fcomments&post=355"}],"version-history":[{"count":19,"href":"https:\/\/makroscopio.com\/index.php?rest_route=\/wp\/v2\/pages\/355\/revisions"}],"predecessor-version":[{"id":579,"href":"https:\/\/makroscopio.com\/index.php?rest_route=\/wp\/v2\/pages\/355\/revisions\/579"}],"wp:attachment":[{"href":"https:\/\/makroscopio.com\/index.php?rest_route=%2Fwp%2Fv2%2Fmedia&parent=355"}],"curies":[{"name":"wp","href":"https:\/\/api.w.org\/{rel}","templated":true}]}}