{"id":40,"date":"2023-06-22T22:29:37","date_gmt":"2023-06-22T22:29:37","guid":{"rendered":"https:\/\/makroscopio.com\/?page_id=40"},"modified":"2023-06-27T21:32:13","modified_gmt":"2023-06-27T21:32:13","slug":"contacto","status":"publish","type":"page","link":"https:\/\/makroscopio.com\/?page_id=40","title":{"rendered":"Contacto"},"content":{"rendered":"\t\t<div data-elementor-type=\"wp-page\" data-elementor-id=\"40\" class=\"elementor elementor-40\">\n\t\t\t\t\t\t<section class=\"elementor-section elementor-top-section elementor-element elementor-element-fa614a2 elementor-section-boxed elementor-section-height-default elementor-section-height-default\" data-id=\"fa614a2\" data-element_type=\"section\">\n\t\t\t\t\t\t<div class=\"elementor-container elementor-column-gap-default\">\n\t\t\t\t\t<div class=\"aux-parallax-section elementor-column elementor-col-33 elementor-top-column elementor-element elementor-element-241e8cd\" data-id=\"241e8cd\" data-element_type=\"column\">\n\t\t\t<div class=\"elementor-widget-wrap\">\n\t\t\t\t\t\t\t<\/div>\n\t\t<\/div>\n\t\t\t\t<div class=\"aux-parallax-section elementor-column elementor-col-33 elementor-top-column elementor-element elementor-element-de0a1c5\" data-id=\"de0a1c5\" data-element_type=\"column\">\n\t\t\t<div class=\"elementor-widget-wrap elementor-element-populated\">\n\t\t\t\t\t\t<div class=\"elementor-element elementor-element-0867931 elementor-widget elementor-widget-aux_modern_heading\" data-id=\"0867931\" data-element_type=\"widget\" data-widget_type=\"aux_modern_heading.default\">\n\t\t\t\t<div class=\"elementor-widget-container\">\n\t\t\t\t\t<section class=\"aux-widget-modern-heading\">\n            <div class=\"aux-widget-inner\"><h2 class=\"aux-modern-heading-primary\">Cont\u00e1ctanos<\/h2><div class=\"aux-modern-heading-divider\"><\/div><h3 class=\"aux-modern-heading-secondary\"><span class=\"aux-head-before\">estamos aqu\u00ed para servirte<\/span><\/h3><\/div>\n        <\/section>\t\t\t\t<\/div>\n\t\t\t\t<\/div>\n\t\t\t\t\t<\/div>\n\t\t<\/div>\n\t\t\t\t<div class=\"aux-parallax-section elementor-column elementor-col-33 elementor-top-column elementor-element elementor-element-ad1aae4\" data-id=\"ad1aae4\" data-element_type=\"column\">\n\t\t\t<div class=\"elementor-widget-wrap\">\n\t\t\t\t\t\t\t<\/div>\n\t\t<\/div>\n\t\t\t\t\t<\/div>\n\t\t<\/section>\n\t\t\t\t<section class=\"elementor-section elementor-top-section elementor-element elementor-element-8d86e18 elementor-section-content-top elementor-section-boxed elementor-section-height-default elementor-section-height-default\" data-id=\"8d86e18\" data-element_type=\"section\">\n\t\t\t\t\t\t<div class=\"elementor-container elementor-column-gap-default\">\n\t\t\t\t\t<div class=\"aux-parallax-section elementor-column elementor-col-50 elementor-top-column elementor-element elementor-element-b93069a\" data-id=\"b93069a\" data-element_type=\"column\">\n\t\t\t<div class=\"elementor-widget-wrap elementor-element-populated\">\n\t\t\t\t\t\t<div class=\"elementor-element elementor-element-12f640f elementor-icon-list--layout-traditional elementor-list-item-link-full_width elementor-widget elementor-widget-icon-list\" data-id=\"12f640f\" data-element_type=\"widget\" data-widget_type=\"icon-list.default\">\n\t\t\t\t<div class=\"elementor-widget-container\">\n\t\t\t\t\t\t\t<ul class=\"elementor-icon-list-items\">\n\t\t\t\t\t\t\t<li class=\"elementor-icon-list-item\">\n\t\t\t\t\t\t\t\t\t\t\t<span class=\"elementor-icon-list-icon\">\n\t\t\t\t\t\t\t<i aria-hidden=\"true\" class=\"fas fa-map-marker-alt\"><\/i>\t\t\t\t\t\t<\/span>\n\t\t\t\t\t\t\t\t\t\t<span class=\"elementor-icon-list-text\">Av. Mariana de Jes\u00fas OE7-02 y Nu\u00f1o de Valderrama, Edificio CITIMED, Piso 8, Oficina 801<\/span>\n\t\t\t\t\t\t\t\t\t<\/li>\n\t\t\t\t\t\t\t\t<li class=\"elementor-icon-list-item\">\n\t\t\t\t\t\t\t\t\t\t\t<a href=\"https:\/\/api.whatsapp.com\/send?phone=593991417744&#038;text=Me%20interesa%20conocer%20m%C3%A1s%20de%20sus%20servicios\" target=\"_blank\">\n\n\t\t\t\t\t\t\t\t\t\t\t\t<span class=\"elementor-icon-list-icon\">\n\t\t\t\t\t\t\t<i aria-hidden=\"true\" class=\"fab fa-whatsapp\"><\/i>\t\t\t\t\t\t<\/span>\n\t\t\t\t\t\t\t\t\t\t<span class=\"elementor-icon-list-text\">+593 99 141 7744<\/span>\n\t\t\t\t\t\t\t\t\t\t\t<\/a>\n\t\t\t\t\t\t\t\t\t<\/li>\n\t\t\t\t\t\t\t\t<li class=\"elementor-icon-list-item\">\n\t\t\t\t\t\t\t\t\t\t\t<span class=\"elementor-icon-list-icon\">\n\t\t\t\t\t\t\t<i aria-hidden=\"true\" class=\"fas fa-phone\"><\/i>\t\t\t\t\t\t<\/span>\n\t\t\t\t\t\t\t\t\t\t<span class=\"elementor-icon-list-text\">+593 (2) 245 1086<\/span>\n\t\t\t\t\t\t\t\t\t<\/li>\n\t\t\t\t\t\t\t\t<li class=\"elementor-icon-list-item\">\n\t\t\t\t\t\t\t\t\t\t\t<span class=\"elementor-icon-list-icon\">\n\t\t\t\t\t\t\t<i aria-hidden=\"true\" class=\"auxicon auxicon-email-mail-streamline\"><\/i>\t\t\t\t\t\t<\/span>\n\t\t\t\t\t\t\t\t\t\t<span class=\"elementor-icon-list-text\">info@makroscopio.com<\/span>\n\t\t\t\t\t\t\t\t\t<\/li>\n\t\t\t\t\t\t<\/ul>\n\t\t\t\t\t\t<\/div>\n\t\t\t\t<\/div>\n\t\t\t\t<div class=\"elementor-element elementor-element-30c9e2a elementor-widget elementor-widget-text-editor\" data-id=\"30c9e2a\" data-element_type=\"widget\" data-widget_type=\"text-editor.default\">\n\t\t\t\t<div class=\"elementor-widget-container\">\n\t\t\t\t\t\t\t\t\t<iframe src=\"https:\/\/www.google.com\/maps\/embed?pb=!1m18!1m12!1m3!1d3989.7978328605564!2d-78.50514762533089!3d-0.18361389981458007!2m3!1f0!2f0!3f0!3m2!1i1024!2i768!4f13.1!3m3!1m2!1s0x91d59b45cf46bf25%3A0xf5e488c6989b0fa3!2sCl%C3%ADnica%20de%20Alta%20Especialidad%20en%20C%C3%A1ncer%20-%20SuportaMed!5e0!3m2!1ses-419!2sec!4v1687892087457!5m2!1ses-419!2sec\" width=\"400\" height=\"200\" style=\"border:0;\" allowfullscreen=\"\" loading=\"lazy\" referrerpolicy=\"no-referrer-when-downgrade\"><\/iframe>\t\t\t\t\t\t\t\t<\/div>\n\t\t\t\t<\/div>\n\t\t\t\t\t<\/div>\n\t\t<\/div>\n\t\t\t\t<div class=\"aux-parallax-section elementor-column elementor-col-50 elementor-top-column elementor-element elementor-element-7353f77\" data-id=\"7353f77\" data-element_type=\"column\" data-settings=\"{&quot;background_background&quot;:&quot;classic&quot;}\">\n\t\t\t<div class=\"elementor-widget-wrap elementor-element-populated\">\n\t\t\t\t\t\t<div class=\"elementor-element elementor-element-2bd3c76 elementor-widget elementor-widget-aux_contact_form\" data-id=\"2bd3c76\" data-element_type=\"widget\" data-widget_type=\"aux_contact_form.default\">\n\t\t\t\t<div class=\"elementor-widget-container\">\n\t\t\t\t\t<section class=\"widget-container aux-widget-contact-form aux-parent-au84473606\">            <div class=\"aux-col-wrapper aux-no-gutter\">\n            <!-- @TODO - The output for element here -->\n\n            \n<div class=\"wpcf7 no-js\" id=\"wpcf7-f391-o1\" lang=\"es-ES\" dir=\"ltr\" data-wpcf7-id=\"391\">\n<div class=\"screen-reader-response\"><p role=\"status\" aria-live=\"polite\" aria-atomic=\"true\"><\/p> <ul><\/ul><\/div>\n<form action=\"\/index.php?rest_route=%2Fwp%2Fv2%2Fpages%2F40#wpcf7-f391-o1\" method=\"post\" class=\"wpcf7-form init\" aria-label=\"Formulario de contacto\" novalidate=\"novalidate\" data-status=\"init\">\n<fieldset class=\"hidden-fields-container\"><input type=\"hidden\" name=\"_wpcf7\" value=\"391\" \/><input type=\"hidden\" name=\"_wpcf7_version\" value=\"6.1.2\" \/><input type=\"hidden\" name=\"_wpcf7_locale\" value=\"es_ES\" \/><input type=\"hidden\" name=\"_wpcf7_unit_tag\" value=\"wpcf7-f391-o1\" \/><input type=\"hidden\" name=\"_wpcf7_container_post\" value=\"0\" \/><input type=\"hidden\" name=\"_wpcf7_posted_data_hash\" value=\"\" \/><input type=\"hidden\" name=\"_wpcf7_recaptcha_response\" value=\"\" \/>\n<\/fieldset>\n<span style=\"font\/size: 10px;\"<span class=\"wpcf7-form-control-wrap\" data-name=\"your-name\"><input size=\"40\" maxlength=\"400\" class=\"wpcf7-form-control wpcf7-text wpcf7-validates-as-required\" aria-required=\"true\" aria-invalid=\"false\" placeholder=\"Nombre completo\" value=\"\" type=\"text\" name=\"your-name\" \/><\/span><\/span>\n\n<span style=\"font\/size: 10px;\"<span class=\"wpcf7-form-control-wrap\" data-name=\"your-email\"><input size=\"40\" maxlength=\"400\" class=\"wpcf7-form-control wpcf7-email wpcf7-validates-as-required wpcf7-text wpcf7-validates-as-email\" aria-required=\"true\" aria-invalid=\"false\" placeholder=\"Correo\" value=\"\" type=\"email\" name=\"your-email\" \/><\/span><\/span>\n\n<span style=\"font\/size: 10px;\"<span class=\"wpcf7-form-control-wrap\" data-name=\"your-phone\"><input size=\"40\" maxlength=\"400\" class=\"wpcf7-form-control wpcf7-tel wpcf7-validates-as-required wpcf7-text wpcf7-validates-as-tel\" aria-required=\"true\" aria-invalid=\"false\" placeholder=\"Celular\" value=\"\" type=\"tel\" name=\"your-phone\" \/><\/span><\/span>\n\n<span style=\"font\/size: 10px;\"<span class=\"wpcf7-form-control-wrap\" data-name=\"your-subject\"><input size=\"40\" maxlength=\"400\" class=\"wpcf7-form-control wpcf7-text wpcf7-validates-as-required\" aria-required=\"true\" aria-invalid=\"false\" placeholder=\"Sujeto de mensaje\" value=\"\" type=\"text\" name=\"your-subject\" \/><\/span><\/span>\n\n<span style=\"font\/size: 10px;\"<span class=\"wpcf7-form-control-wrap\" data-name=\"your-message\"><textarea cols=\"40\" rows=\"10\" maxlength=\"2000\" class=\"wpcf7-form-control wpcf7-textarea wpcf7-validates-as-required\" aria-required=\"true\" aria-invalid=\"false\" placeholder=\"Mensaje\" name=\"your-message\"><\/textarea><\/span><\/span>\n<input class=\"wpcf7-form-control wpcf7-submit has-spinner\" type=\"submit\" value=\"Enviar\" \/><p style=\"display: none !important;\"><label>&#916;<textarea name=\"_wpcf7_ak_hp_textarea\" cols=\"45\" rows=\"8\" maxlength=\"100\"><\/textarea><\/label><input type=\"hidden\" id=\"ak_js_1\" name=\"_wpcf7_ak_js\" value=\"127\"\/><script>document.getElementById( \"ak_js_1\" ).setAttribute( \"value\", ( new Date() ).getTime() );<\/script><\/p><div class=\"wpcf7-response-output\" aria-hidden=\"true\"><\/div>\n<\/form>\n<\/div>\n\n\n            <\/div><!-- aux-col-wrapper -->\n    <\/section><!-- widget-container -->\t\t\t\t<\/div>\n\t\t\t\t<\/div>\n\t\t\t\t\t<\/div>\n\t\t<\/div>\n\t\t\t\t\t<\/div>\n\t\t<\/section>\n\t\t\t\t<\/div>\n\t\t","protected":false},"excerpt":{"rendered":"<p>Cont\u00e1ctanos estamos aqu\u00ed para servirte Av. Mariana de Jes\u00fas OE7-02 y Nu\u00f1o de Valderrama, Edificio CITIMED, Piso 8, Oficina 801 +593 99 141 7744 +593 (2) 245 1086 info@makroscopio.com<\/p>\n","protected":false},"author":2,"featured_media":0,"parent":0,"menu_order":0,"comment_status":"closed","ping_status":"closed","template":"","meta":{"content-type":"","footnotes":""},"class_list":["post-40","page","type-page","status-publish","hentry"],"yoast_head":"<!-- This site is optimized with the Yoast SEO plugin v26.1.1 - https:\/\/yoast.com\/wordpress\/plugins\/seo\/ -->\n<title>Contacto - Makroscopio Servicios de Salud<\/title>\n<meta name=\"robots\" content=\"index, follow, max-snippet:-1, max-image-preview:large, max-video-preview:-1\" \/>\n<link rel=\"canonical\" href=\"https:\/\/makroscopio.com\/?page_id=40\" \/>\n<meta property=\"og:locale\" content=\"es_ES\" \/>\n<meta property=\"og:type\" content=\"article\" \/>\n<meta property=\"og:title\" content=\"Contacto - Makroscopio Servicios de Salud\" \/>\n<meta property=\"og:description\" content=\"Cont\u00e1ctanos estamos aqu\u00ed para servirte Av. Mariana de Jes\u00fas OE7-02 y Nu\u00f1o de Valderrama, Edificio CITIMED, Piso 8, Oficina 801 +593 99 141 7744 +593 (2) 245 1086 info@makroscopio.com\" \/>\n<meta property=\"og:url\" content=\"https:\/\/makroscopio.com\/?page_id=40\" \/>\n<meta property=\"og:site_name\" content=\"Makroscopio Servicios de Salud\" \/>\n<meta property=\"article:modified_time\" content=\"2023-06-27T21:32:13+00:00\" \/>\n<meta name=\"twitter:card\" content=\"summary_large_image\" \/>\n<script type=\"application\/ld+json\" class=\"yoast-schema-graph\">{\"@context\":\"https:\/\/schema.org\",\"@graph\":[{\"@type\":\"WebPage\",\"@id\":\"https:\/\/makroscopio.com\/?page_id=40\",\"url\":\"https:\/\/makroscopio.com\/?page_id=40\",\"name\":\"Contacto - Makroscopio Servicios de Salud\",\"isPartOf\":{\"@id\":\"https:\/\/makroscopio.com\/#website\"},\"datePublished\":\"2023-06-22T22:29:37+00:00\",\"dateModified\":\"2023-06-27T21:32:13+00:00\",\"breadcrumb\":{\"@id\":\"https:\/\/makroscopio.com\/?page_id=40#breadcrumb\"},\"inLanguage\":\"es\",\"potentialAction\":[{\"@type\":\"ReadAction\",\"target\":[\"https:\/\/makroscopio.com\/?page_id=40\"]}]},{\"@type\":\"BreadcrumbList\",\"@id\":\"https:\/\/makroscopio.com\/?page_id=40#breadcrumb\",\"itemListElement\":[{\"@type\":\"ListItem\",\"position\":1,\"name\":\"Portada\",\"item\":\"https:\/\/makroscopio.com\/\"},{\"@type\":\"ListItem\",\"position\":2,\"name\":\"Contacto\"}]},{\"@type\":\"WebSite\",\"@id\":\"https:\/\/makroscopio.com\/#website\",\"url\":\"https:\/\/makroscopio.com\/\",\"name\":\"Makroscopio Servicios de Salud\",\"description\":\"Innovamos para tu salud.\",\"publisher\":{\"@id\":\"https:\/\/makroscopio.com\/#organization\"},\"potentialAction\":[{\"@type\":\"SearchAction\",\"target\":{\"@type\":\"EntryPoint\",\"urlTemplate\":\"https:\/\/makroscopio.com\/?s={search_term_string}\"},\"query-input\":{\"@type\":\"PropertyValueSpecification\",\"valueRequired\":true,\"valueName\":\"search_term_string\"}}],\"inLanguage\":\"es\"},{\"@type\":\"Organization\",\"@id\":\"https:\/\/makroscopio.com\/#organization\",\"name\":\"Makroscopio Servicios de Salud\",\"url\":\"https:\/\/makroscopio.com\/\",\"logo\":{\"@type\":\"ImageObject\",\"inLanguage\":\"es\",\"@id\":\"https:\/\/makroscopio.com\/#\/schema\/logo\/image\/\",\"url\":\"https:\/\/makroscopio.com\/wp-content\/uploads\/2023\/06\/cropped-logotipo-makroscopio-transparencia.png\",\"contentUrl\":\"https:\/\/makroscopio.com\/wp-content\/uploads\/2023\/06\/cropped-logotipo-makroscopio-transparencia.png\",\"width\":1366,\"height\":520,\"caption\":\"Makroscopio Servicios de Salud\"},\"image\":{\"@id\":\"https:\/\/makroscopio.com\/#\/schema\/logo\/image\/\"}}]}<\/script>\n<!-- \/ Yoast SEO plugin. -->","yoast_head_json":{"title":"Contacto - Makroscopio Servicios de Salud","robots":{"index":"index","follow":"follow","max-snippet":"max-snippet:-1","max-image-preview":"max-image-preview:large","max-video-preview":"max-video-preview:-1"},"canonical":"https:\/\/makroscopio.com\/?page_id=40","og_locale":"es_ES","og_type":"article","og_title":"Contacto - Makroscopio Servicios de Salud","og_description":"Cont\u00e1ctanos estamos aqu\u00ed para servirte Av. Mariana de Jes\u00fas OE7-02 y Nu\u00f1o de Valderrama, Edificio CITIMED, Piso 8, Oficina 801 +593 99 141 7744 +593 (2) 245 1086 info@makroscopio.com","og_url":"https:\/\/makroscopio.com\/?page_id=40","og_site_name":"Makroscopio Servicios de Salud","article_modified_time":"2023-06-27T21:32:13+00:00","twitter_card":"summary_large_image","schema":{"@context":"https:\/\/schema.org","@graph":[{"@type":"WebPage","@id":"https:\/\/makroscopio.com\/?page_id=40","url":"https:\/\/makroscopio.com\/?page_id=40","name":"Contacto - Makroscopio Servicios de Salud","isPartOf":{"@id":"https:\/\/makroscopio.com\/#website"},"datePublished":"2023-06-22T22:29:37+00:00","dateModified":"2023-06-27T21:32:13+00:00","breadcrumb":{"@id":"https:\/\/makroscopio.com\/?page_id=40#breadcrumb"},"inLanguage":"es","potentialAction":[{"@type":"ReadAction","target":["https:\/\/makroscopio.com\/?page_id=40"]}]},{"@type":"BreadcrumbList","@id":"https:\/\/makroscopio.com\/?page_id=40#breadcrumb","itemListElement":[{"@type":"ListItem","position":1,"name":"Portada","item":"https:\/\/makroscopio.com\/"},{"@type":"ListItem","position":2,"name":"Contacto"}]},{"@type":"WebSite","@id":"https:\/\/makroscopio.com\/#website","url":"https:\/\/makroscopio.com\/","name":"Makroscopio Servicios de Salud","description":"Innovamos para tu salud.","publisher":{"@id":"https:\/\/makroscopio.com\/#organization"},"potentialAction":[{"@type":"SearchAction","target":{"@type":"EntryPoint","urlTemplate":"https:\/\/makroscopio.com\/?s={search_term_string}"},"query-input":{"@type":"PropertyValueSpecification","valueRequired":true,"valueName":"search_term_string"}}],"inLanguage":"es"},{"@type":"Organization","@id":"https:\/\/makroscopio.com\/#organization","name":"Makroscopio Servicios de Salud","url":"https:\/\/makroscopio.com\/","logo":{"@type":"ImageObject","inLanguage":"es","@id":"https:\/\/makroscopio.com\/#\/schema\/logo\/image\/","url":"https:\/\/makroscopio.com\/wp-content\/uploads\/2023\/06\/cropped-logotipo-makroscopio-transparencia.png","contentUrl":"https:\/\/makroscopio.com\/wp-content\/uploads\/2023\/06\/cropped-logotipo-makroscopio-transparencia.png","width":1366,"height":520,"caption":"Makroscopio Servicios de Salud"},"image":{"@id":"https:\/\/makroscopio.com\/#\/schema\/logo\/image\/"}}]}},"_links":{"self":[{"href":"https:\/\/makroscopio.com\/index.php?rest_route=\/wp\/v2\/pages\/40","targetHints":{"allow":["GET"]}}],"collection":[{"href":"https:\/\/makroscopio.com\/index.php?rest_route=\/wp\/v2\/pages"}],"about":[{"href":"https:\/\/makroscopio.com\/index.php?rest_route=\/wp\/v2\/types\/page"}],"author":[{"embeddable":true,"href":"https:\/\/makroscopio.com\/index.php?rest_route=\/wp\/v2\/users\/2"}],"replies":[{"embeddable":true,"href":"https:\/\/makroscopio.com\/index.php?rest_route=%2Fwp%2Fv2%2Fcomments&post=40"}],"version-history":[{"count":71,"href":"https:\/\/makroscopio.com\/index.php?rest_route=\/wp\/v2\/pages\/40\/revisions"}],"predecessor-version":[{"id":564,"href":"https:\/\/makroscopio.com\/index.php?rest_route=\/wp\/v2\/pages\/40\/revisions\/564"}],"wp:attachment":[{"href":"https:\/\/makroscopio.com\/index.php?rest_route=%2Fwp%2Fv2%2Fmedia&parent=40"}],"curies":[{"name":"wp","href":"https:\/\/api.w.org\/{rel}","templated":true}]}}